{"id":51,"date":"2022-06-14T09:53:27","date_gmt":"2022-06-14T09:53:27","guid":{"rendered":"http:\/\/localhost\/weentime\/?page_id=51"},"modified":"2024-07-31T07:01:38","modified_gmt":"2024-07-31T07:01:38","slug":"essai-gratuit","status":"publish","type":"page","link":"https:\/\/www.weentime.com\/en\/essai-gratuit\/","title":{"rendered":""},"content":{"rendered":"<div class=\"vce-row-container\" data-vce-boxed-width=\"true\"><div class=\"vce-row vce-row--col-gap-30 vce-row-equal-height vce-row-content--top\" id=\"el-13d404a4\" data-vce-do-apply=\"all el-13d404a4\"><div class=\"vce-content-background-container\"><\/div><div class=\"vce-row-content\" data-vce-element-content=\"true\"><div class=\"vce-col vce-col--md-auto vce-col--xs-1 vce-col--xs-last vce-col--xs-first vce-col--sm-last vce-col--sm-first vce-col--md-last vce-col--lg-last vce-col--xl-last vce-col--md-first vce-col--lg-first vce-col--xl-first\" id=\"el-bc589430\"><div class=\"vce-col-inner\" data-vce-do-apply=\"border margin background  el-bc589430\"><div class=\"vce-content-background-container\"><\/div><div class=\"vce-col-content\" data-vce-element-content=\"true\" data-vce-do-apply=\"padding el-bc589430\"><div class=\"vce-text-block\"><div class=\"vce-text-block-wrapper vce\" id=\"el-7d7af48b\" data-vce-do-apply=\"all el-7d7af48b\"><\/div><\/div><div class=\"vce-text-block\"><div class=\"vce-text-block-wrapper vce\" id=\"el-586ebec6\" data-vce-do-apply=\"all el-586ebec6\"><p>Pr\u00eat pour une gestion professionnelle des cong\u00e9s et des horaires de travail ?<\/p><\/div><\/div><\/div><\/div><\/div><\/div><\/div><\/div><div class=\"vce-row-container\" data-vce-boxed-width=\"true\"><div class=\"vce-row vce-row--has-col-background vce-row--col-gap-30 vce-row-equal-height vce-row-content--top\" id=\"el-905f9995\" data-vce-do-apply=\"all el-905f9995\"><div class=\"vce-content-background-container\"><\/div><div class=\"vce-row-content\" data-vce-element-content=\"true\"><div class=\"vce-col vce-element--has-background vce-col--md-55p vce-col--xs-1 vce-col--xs-last vce-col--xs-first vce-col--sm-last vce-col--sm-first vce-col--md-first vce-col--lg-first vce-col--xl-first\" id=\"el-36e6e2a3\"><div class=\"vce-col-inner\" data-vce-do-apply=\"border margin background  el-36e6e2a3\"><div class=\"vce-content-background-container\"><\/div><div class=\"vce-col-content\" data-vce-element-content=\"true\" data-vce-do-apply=\"padding el-36e6e2a3\"><div class=\"vce-shortcode\"><div class=\"vce-shortcode-wrapper vce\" id=\"el-f96231be\" data-vce-do-apply=\"all el-f96231be\"><div class=\"wpforms-container wpforms-container-full\" id=\"wpforms-242\"><form id=\"wpforms-form-242\" class=\"wpforms-validate wpforms-form wpforms-ajax-form\" data-formid=\"242\" method=\"post\" enctype=\"multipart\/form-data\" action=\"\/en\/wp-json\/wp\/v2\/pages\/51\" data-token=\"637af5b62de965dc29cf9abb535905a3\" data-trp-original-action=\"\/en\/wp-json\/wp\/v2\/pages\/51\"><noscript class=\"wpforms-error-noscript\">Please enable JavaScript in your browser to complete this form.<\/noscript><div class=\"wpforms-field-container\"><div id=\"wpforms-242-field_23-container\" class=\"wpforms-field wpforms-field-radio\" data-field-id=\"23\"><label class=\"wpforms-field-label\" for=\"wpforms-242-field_23\">Souhaitez-vous <\/label><ul id=\"wpforms-242-field_23\"><li class=\"choice-1 depth-1\"><input type=\"radio\" id=\"wpforms-242-field_23_1\" name=\"wpforms[fields][23]\" value=\"Une d\u00e9mo personnalis\u00e9e\"  ><label class=\"wpforms-field-label-inline\" for=\"wpforms-242-field_23_1\">Une d\u00e9mo personnalis\u00e9e<\/label><\/li><li class=\"choice-2 depth-1\"><input type=\"radio\" id=\"wpforms-242-field_23_2\" name=\"wpforms[fields][23]\" value=\"Etre contact\u00e9 par un commercial\"  ><label class=\"wpforms-field-label-inline\" for=\"wpforms-242-field_23_2\">Etre contact\u00e9 par un commercial<\/label><\/li><li class=\"choice-3 depth-1\"><input type=\"radio\" id=\"wpforms-242-field_23_3\" name=\"wpforms[fields][23]\" value=\"En savoir plus sur WEENTIME\"  ><label class=\"wpforms-field-label-inline\" for=\"wpforms-242-field_23_3\">En savoir plus sur WEENTIME<\/label><\/li><\/ul><\/div><div id=\"wpforms-242-field_4-container\" class=\"wpforms-field wpforms-field-name\" data-field-id=\"4\"><label class=\"wpforms-field-label\" for=\"wpforms-242-field_4\">Nom et pr\u00e9nom <span class=\"wpforms-required-label\">*<\/span><\/label><input type=\"text\" id=\"wpforms-242-field_4\" class=\"wpforms-field-large wpforms-field-required\" name=\"wpforms[fields][4]\" required><\/div><div id=\"wpforms-242-field_7-container\" class=\"wpforms-field wpforms-field-email\" data-field-id=\"7\"><label class=\"wpforms-field-label\" for=\"wpforms-242-field_7\">Email <span class=\"wpforms-required-label\">*<\/span><\/label><input type=\"email\" id=\"wpforms-242-field_7\" class=\"wpforms-field-large wpforms-field-required\" name=\"wpforms[fields][7]\" required><\/div><div id=\"wpforms-242-field_22-container\" class=\"wpforms-field wpforms-field-number\" data-field-id=\"22\"><label class=\"wpforms-field-label\" for=\"wpforms-242-field_22\">N\u00b0. de T\u00e9l\u00e9phone <span class=\"wpforms-required-label\">*<\/span><\/label><input type=\"number\" pattern=\"\\d*\" id=\"wpforms-242-field_22\" class=\"wpforms-field-medium wpforms-field-required\" name=\"wpforms[fields][22]\" required><\/div><div id=\"wpforms-242-field_1-container\" class=\"wpforms-field wpforms-field-text\" data-field-id=\"1\"><label class=\"wpforms-field-label\" for=\"wpforms-242-field_1\">Soci\u00e9t\u00e9 <span class=\"wpforms-required-label\">*<\/span><\/label><input type=\"text\" id=\"wpforms-242-field_1\" class=\"wpforms-field-large wpforms-field-required\" name=\"wpforms[fields][1]\" required><\/div><div id=\"wpforms-242-field_12-container\" class=\"wpforms-field wpforms-field-text\" data-field-id=\"12\"><label class=\"wpforms-field-label\" for=\"wpforms-242-field_12\">Pays (facultatif)<\/label><input type=\"text\" id=\"wpforms-242-field_12\" class=\"wpforms-field-large\" name=\"wpforms[fields][12]\" ><\/div><div id=\"wpforms-242-field_13-container\" class=\"wpforms-field wpforms-field-text\" data-field-id=\"13\"><label class=\"wpforms-field-label\" for=\"wpforms-242-field_13\">Nombre d\u2019employ\u00e9s (facultatif)<\/label><input type=\"text\" id=\"wpforms-242-field_13\" class=\"wpforms-field-small\" name=\"wpforms[fields][13]\" ><\/div><\/div><div class=\"wpforms-submit-container\"><input type=\"hidden\" name=\"wpforms[id]\" value=\"242\"><input type=\"hidden\" name=\"wpforms[author]\" value=\"1\"><button type=\"submit\" name=\"wpforms[submit]\" id=\"wpforms-submit-242\" class=\"wpforms-submit\" data-alt-text=\"En cours...\" data-submit-text=\"Envoyer\" aria-live=\"assertive\" value=\"wpforms-submit\">Envoyer<\/button><img src=\"https:\/\/www.weentime.com\/wp-content\/plugins\/wpforms-lite\/assets\/images\/submit-spin.svg\" class=\"wpforms-submit-spinner\" style=\"display: none;\" width=\"26\" height=\"26\" alt=\"\"><\/div><input type=\"hidden\" name=\"trp-form-language\" value=\"en\"\/><\/form><\/div>  <!-- .wpforms-container -->\t<\/div><\/div><\/div><\/div><\/div><div class=\"vce-col vce-col--md-45p vce-col--xs-1 vce-col--xs-last vce-col--xs-first vce-col--sm-last vce-col--sm-first vce-col--md-last vce-col--lg-last vce-col--xl-last\" id=\"el-774d51f6\"><div class=\"vce-col-inner\" data-vce-do-apply=\"border margin background  el-774d51f6\"><div class=\"vce-col-content\" data-vce-element-content=\"true\" data-vce-do-apply=\"padding el-774d51f6\"><div class=\"vce-single-image-container vce-single-image--align-left\"><div class=\"vce vce-single-image-wrapper\" id=\"el-855a51b2\" data-vce-do-apply=\"all el-855a51b2\"><figure><div class=\"vce-single-image-figure-inner\" style=\"width: 682px;\"><div class=\"vce-single-image-inner vce-single-image--absolute\" style=\"width: 100%; padding-bottom: 150.147%;\"><img loading=\"lazy\" class=\"vce-single-image\"  width=\"682\" height=\"1024\" srcset=\"https:\/\/www.weentime.com\/wp-content\/uploads\/2024\/03\/contact-scaled-320x480.jpg 320w,https:\/\/www.weentime.com\/wp-content\/uploads\/2024\/03\/contact-scaled-480x721.jpg 480w,https:\/\/www.weentime.com\/wp-content\/uploads\/2024\/03\/contact-scaled-800x1201.jpg 800w,https:\/\/www.weentime.com\/wp-content\/uploads\/2024\/03\/contact-scaled-682x1024.jpg 682w,https:\/\/www.weentime.com\/wp-content\/uploads\/2024\/03\/contact-scaled-1364x2048.jpg 2x\" src=\"https:\/\/www.weentime.com\/wp-content\/uploads\/2024\/03\/contact-scaled-682x1024.jpg\" data-img-src=\"https:\/\/www.weentime.com\/wp-content\/uploads\/2022\/06\/contact-scaled.jpg\" alt=\"logiciel gestion cong\u00e9s Excel gratuit\" title=\"logiciel gestion cong\u00e9s Excel gratuit\" \/><\/div><\/div><figcaption hidden=\"\"><\/figcaption><\/figure><\/div><\/div><\/div><\/div><\/div><\/div><\/div><\/div><div class=\"vce-row-container\" data-vce-boxed-width=\"true\"><div class=\"vce-row vce-row--col-gap-30 vce-row-equal-height vce-row-content--top\" id=\"el-daf5cc89\" data-vce-do-apply=\"all el-daf5cc89\"><div class=\"vce-row-content\" data-vce-element-content=\"true\"><div class=\"vce-col vce-col--md-auto vce-col--xs-1 vce-col--xs-last vce-col--xs-first vce-col--sm-last vce-col--sm-first vce-col--md-last vce-col--lg-last vce-col--xl-last vce-col--md-first vce-col--lg-first vce-col--xl-first\" id=\"el-df3e3ff8\"><div class=\"vce-col-inner\" data-vce-do-apply=\"border margin background  el-df3e3ff8\"><div class=\"vce-col-content\" data-vce-element-content=\"true\" data-vce-do-apply=\"padding el-df3e3ff8\"><div><\/div><\/div><\/div><\/div><\/div><\/div><\/div><div class=\"vce-row-container\" data-vce-boxed-width=\"true\"><div class=\"vce-row vce-row--col-gap-30 vce-row-equal-height vce-row-content--top\" id=\"el-1ecee016\" data-vce-do-apply=\"all el-1ecee016\"><div class=\"vce-row-content\" data-vce-element-content=\"true\"><div class=\"vce-col vce-col--md-auto vce-col--xs-1 vce-col--xs-last vce-col--xs-first vce-col--sm-last vce-col--sm-first vce-col--md-last vce-col--lg-last vce-col--xl-last vce-col--md-first vce-col--lg-first vce-col--xl-first\" id=\"el-3a1c5a9a\"><div class=\"vce-col-inner\" data-vce-do-apply=\"border margin background  el-3a1c5a9a\"><div class=\"vce-col-content\" data-vce-element-content=\"true\" data-vce-do-apply=\"padding el-3a1c5a9a\"><section class=\"vce-feature-section-container vce-feature-section-media--xs\"><div class=\"vce vce-feature-section vce-feature-section--min-height vce-feature-section-background-color--b-182-196-215\" id=\"el-4389754f\" data-vce-do-apply=\"margin background border  el-4389754f\"><div class=\"vce-feature-section-image vce-feature-section-image--alignment-left vce-feature-section-image--background-position-center-center\" style=\"background-image: url('https:\/\/www.weentime.com\/wp-content\/uploads\/2024\/03\/gestion-de-conges-efficace.png');\"><\/div><div class=\"vce-feature-section-content\"><div class=\"vce-feature-section-content-container\" data-vce-do-apply=\"padding el-4389754f\"><div class=\"vce-feature-section-description\"><h1>Lib\u00e9rez vous des tracas administratifs gr\u00e2ce \u00e0 weentime<\/h1>\r\n<p>Nous comprenons les d\u00e9fis que pose la gestion des cong\u00e9s pour votre entreprise.&nbsp;<strong>Notre solution de gestion des cong\u00e9s<\/strong>&nbsp;simplifie le processus RH.<\/p>\r\n<ul>\r\n<li>Gestion des cong\u00e9s simplifi\u00e9e<\/li>\r\n<li>D\u00e9tection assist\u00e9e des absences et retards<\/li>\r\n<li>Workflows de validation flexibles<\/li>\r\n<li>Accessible depuis n'importe o\u00f9, \u00e0 tout moment<\/li>\r\n<li>Int\u00e9gration facile avec les pointeuses et la paie<\/li>\r\n<\/ul><\/div><\/div><\/div><\/div><\/section><\/div><\/div><\/div><\/div><\/div><\/div>","protected":false},"excerpt":{"rendered":"<p>Pr\u00eat pour une gestion professionnelle des cong\u00e9s et des horaires de travail ? Lib\u00e9rez vous des tracas administratifs gr\u00e2ce \u00e0 weentime Nous comprenons les d\u00e9fis que pose la gestion des cong\u00e9s pour votre entreprise.&nbsp;Notre solution de gestion des cong\u00e9s&nbsp;simplifie le processus RH. Gestion des cong\u00e9s simplifi\u00e9e D\u00e9tection assist\u00e9e des absences et retards Workflows de validation &hellip;<\/p>\n<p class=\"read-more\"> <a class=\"\" href=\"https:\/\/www.weentime.com\/en\/essai-gratuit\/\">  Read More &raquo;<\/a><\/p>","protected":false},"author":1,"featured_media":0,"parent":0,"menu_order":0,"comment_status":"closed","ping_status":"closed","template":"","meta":{"site-sidebar-layout":"default","site-content-layout":"default","ast-global-header-display":"","ast-main-header-display":"","ast-hfb-above-header-display":"","ast-hfb-below-header-display":"","ast-hfb-mobile-header-display":"","site-post-title":"","ast-breadcrumbs-content":"","ast-featured-img":"","footer-sml-layout":"","theme-transparent-header-meta":"default","adv-header-id-meta":"","stick-header-meta":"","header-above-stick-meta":"","header-main-stick-meta":"","header-below-stick-meta":""},"yoast_head":"<!-- This site is optimized with the Yoast SEO plugin v20.2 - https:\/\/yoast.com\/wordpress\/plugins\/seo\/ -->\n<title>logiciel Gestion Cong\u00e9s Excel gratuit<\/title>\n<meta name=\"description\" content=\"logiciel gestion cong\u00e9s Excel gratuit weentime : optimisez vos processus et simplifiez la gestion des cong\u00e9s. Gestion des cong\u00e9s.\" \/>\n<meta name=\"robots\" content=\"index, follow, max-snippet:-1, max-image-preview:large, max-video-preview:-1\" \/>\n<link rel=\"canonical\" href=\"https:\/\/www.weentime.com\/en\/essai-gratuit\/\" \/>\n<meta property=\"og:locale\" content=\"en_US\" \/>\n<meta property=\"og:type\" content=\"article\" \/>\n<meta property=\"og:title\" content=\"logiciel Gestion Cong\u00e9s Excel gratuit\" \/>\n<meta property=\"og:description\" content=\"logiciel gestion cong\u00e9s Excel gratuit weentime : optimisez vos processus et simplifiez la gestion des cong\u00e9s. Gestion des cong\u00e9s.\" \/>\n<meta property=\"og:url\" content=\"https:\/\/www.weentime.com\/en\/essai-gratuit\/\" \/>\n<meta property=\"article:publisher\" content=\"https:\/\/www.facebook.com\/weentimerh\" \/>\n<meta property=\"article:modified_time\" content=\"2024-07-31T07:01:38+00:00\" \/>\n<meta name=\"twitter:card\" content=\"summary_large_image\" \/>\n<meta name=\"twitter:label1\" content=\"Est. reading time\" \/>\n\t<meta name=\"twitter:data1\" content=\"1 minute\" \/>\n<script type=\"application\/ld+json\" class=\"yoast-schema-graph\">{\"@context\":\"https:\/\/schema.org\",\"@graph\":[{\"@type\":\"WebPage\",\"@id\":\"https:\/\/www.weentime.com\/essai-gratuit\/\",\"url\":\"https:\/\/www.weentime.com\/essai-gratuit\/\",\"name\":\"logiciel Gestion Cong\u00e9s Excel gratuit\",\"isPartOf\":{\"@id\":\"https:\/\/www.weentime.com\/#website\"},\"datePublished\":\"2022-06-14T09:53:27+00:00\",\"dateModified\":\"2024-07-31T07:01:38+00:00\",\"description\":\"logiciel gestion cong\u00e9s Excel gratuit weentime : optimisez vos processus et simplifiez la gestion des cong\u00e9s. Gestion des cong\u00e9s.\",\"breadcrumb\":{\"@id\":\"https:\/\/www.weentime.com\/essai-gratuit\/#breadcrumb\"},\"inLanguage\":\"en-US\",\"potentialAction\":[{\"@type\":\"ReadAction\",\"target\":[\"https:\/\/www.weentime.com\/essai-gratuit\/\"]}]},{\"@type\":\"BreadcrumbList\",\"@id\":\"https:\/\/www.weentime.com\/essai-gratuit\/#breadcrumb\",\"itemListElement\":[{\"@type\":\"ListItem\",\"position\":1,\"name\":\"Home\",\"item\":\"https:\/\/www.weentime.com\/\"},{\"@type\":\"ListItem\",\"position\":2,\"name\":\"Lib\u00e9rez votre \u00e9quipe des tracas administratifs\"}]},{\"@type\":\"WebSite\",\"@id\":\"https:\/\/www.weentime.com\/#website\",\"url\":\"https:\/\/www.weentime.com\/\",\"name\":\"WEENTIME\",\"description\":\"Weentime | Solution SAAS\",\"publisher\":{\"@id\":\"https:\/\/www.weentime.com\/#organization\"},\"potentialAction\":[{\"@type\":\"SearchAction\",\"target\":{\"@type\":\"EntryPoint\",\"urlTemplate\":\"https:\/\/www.weentime.com\/?s={search_term_string}\"},\"query-input\":\"required name=search_term_string\"}],\"inLanguage\":\"en-US\"},{\"@type\":\"Organization\",\"@id\":\"https:\/\/www.weentime.com\/#organization\",\"name\":\"WEENTIME\",\"url\":\"https:\/\/www.weentime.com\/\",\"logo\":{\"@type\":\"ImageObject\",\"inLanguage\":\"en-US\",\"@id\":\"https:\/\/www.weentime.com\/#\/schema\/logo\/image\/\",\"url\":\"https:\/\/www.weentime.com\/wp-content\/uploads\/2022\/08\/cropped-logo-weentime.png\",\"contentUrl\":\"https:\/\/www.weentime.com\/wp-content\/uploads\/2022\/08\/cropped-logo-weentime.png\",\"width\":298,\"height\":62,\"caption\":\"WEENTIME\"},\"image\":{\"@id\":\"https:\/\/www.weentime.com\/#\/schema\/logo\/image\/\"},\"sameAs\":[\"https:\/\/www.facebook.com\/weentimerh\",\"https:\/\/www.linkedin.com\/company\/weentime\/\"]}]}<\/script>\n<!-- \/ Yoast SEO plugin. -->","yoast_head_json":{"title":"logiciel Gestion Cong\u00e9s Excel gratuit","description":"logiciel gestion cong\u00e9s Excel gratuit weentime : optimisez vos processus et simplifiez la gestion des cong\u00e9s. Gestion des cong\u00e9s.","robots":{"index":"index","follow":"follow","max-snippet":"max-snippet:-1","max-image-preview":"max-image-preview:large","max-video-preview":"max-video-preview:-1"},"canonical":"https:\/\/www.weentime.com\/en\/essai-gratuit\/","og_locale":"en_US","og_type":"article","og_title":"logiciel Gestion Cong\u00e9s Excel gratuit","og_description":"logiciel gestion cong\u00e9s Excel gratuit weentime : optimisez vos processus et simplifiez la gestion des cong\u00e9s. Gestion des cong\u00e9s.","og_url":"https:\/\/www.weentime.com\/en\/essai-gratuit\/","article_publisher":"https:\/\/www.facebook.com\/weentimerh","article_modified_time":"2024-07-31T07:01:38+00:00","twitter_card":"summary_large_image","twitter_misc":{"Est. reading time":"1 minute"},"schema":{"@context":"https:\/\/schema.org","@graph":[{"@type":"WebPage","@id":"https:\/\/www.weentime.com\/essai-gratuit\/","url":"https:\/\/www.weentime.com\/essai-gratuit\/","name":"logiciel Gestion Cong\u00e9s Excel gratuit","isPartOf":{"@id":"https:\/\/www.weentime.com\/#website"},"datePublished":"2022-06-14T09:53:27+00:00","dateModified":"2024-07-31T07:01:38+00:00","description":"logiciel gestion cong\u00e9s Excel gratuit weentime : optimisez vos processus et simplifiez la gestion des cong\u00e9s. Gestion des cong\u00e9s.","breadcrumb":{"@id":"https:\/\/www.weentime.com\/essai-gratuit\/#breadcrumb"},"inLanguage":"en-US","potentialAction":[{"@type":"ReadAction","target":["https:\/\/www.weentime.com\/essai-gratuit\/"]}]},{"@type":"BreadcrumbList","@id":"https:\/\/www.weentime.com\/essai-gratuit\/#breadcrumb","itemListElement":[{"@type":"ListItem","position":1,"name":"Home","item":"https:\/\/www.weentime.com\/"},{"@type":"ListItem","position":2,"name":"Lib\u00e9rez votre \u00e9quipe des tracas administratifs"}]},{"@type":"WebSite","@id":"https:\/\/www.weentime.com\/#website","url":"https:\/\/www.weentime.com\/","name":"WEENTIME","description":"Weentime | Solution SAAS","publisher":{"@id":"https:\/\/www.weentime.com\/#organization"},"potentialAction":[{"@type":"SearchAction","target":{"@type":"EntryPoint","urlTemplate":"https:\/\/www.weentime.com\/?s={search_term_string}"},"query-input":"required name=search_term_string"}],"inLanguage":"en-US"},{"@type":"Organization","@id":"https:\/\/www.weentime.com\/#organization","name":"WEENTIME","url":"https:\/\/www.weentime.com\/","logo":{"@type":"ImageObject","inLanguage":"en-US","@id":"https:\/\/www.weentime.com\/#\/schema\/logo\/image\/","url":"https:\/\/www.weentime.com\/wp-content\/uploads\/2022\/08\/cropped-logo-weentime.png","contentUrl":"https:\/\/www.weentime.com\/wp-content\/uploads\/2022\/08\/cropped-logo-weentime.png","width":298,"height":62,"caption":"WEENTIME"},"image":{"@id":"https:\/\/www.weentime.com\/#\/schema\/logo\/image\/"},"sameAs":["https:\/\/www.facebook.com\/weentimerh","https:\/\/www.linkedin.com\/company\/weentime\/"]}]}},"_links":{"self":[{"href":"https:\/\/www.weentime.com\/en\/wp-json\/wp\/v2\/pages\/51"}],"collection":[{"href":"https:\/\/www.weentime.com\/en\/wp-json\/wp\/v2\/pages"}],"about":[{"href":"https:\/\/www.weentime.com\/en\/wp-json\/wp\/v2\/types\/page"}],"author":[{"embeddable":true,"href":"https:\/\/www.weentime.com\/en\/wp-json\/wp\/v2\/users\/1"}],"replies":[{"embeddable":true,"href":"https:\/\/www.weentime.com\/en\/wp-json\/wp\/v2\/comments?post=51"}],"version-history":[{"count":41,"href":"https:\/\/www.weentime.com\/en\/wp-json\/wp\/v2\/pages\/51\/revisions"}],"predecessor-version":[{"id":1338,"href":"https:\/\/www.weentime.com\/en\/wp-json\/wp\/v2\/pages\/51\/revisions\/1338"}],"wp:attachment":[{"href":"https:\/\/www.weentime.com\/en\/wp-json\/wp\/v2\/media?parent=51"}],"curies":[{"name":"wp","href":"https:\/\/api.w.org\/{rel}","templated":true}]}}