{"id":1545,"date":"2024-05-14T11:07:56","date_gmt":"2024-05-14T11:07:56","guid":{"rendered":"https:\/\/www.weentime.com\/?page_id=1545"},"modified":"2024-07-01T10:59:04","modified_gmt":"2024-07-01T10:59:04","slug":"horaires-de-travail-et-pointage","status":"publish","type":"page","link":"https:\/\/www.weentime.com\/en\/horaires-de-travail-et-pointage\/","title":{"rendered":"Time Tracking"},"content":{"rendered":"<div class=\"vce-row-container\" data-vce-boxed-width=\"true\"><div class=\"vce-row vce-row--col-gap-30 vce-row-equal-height vce-row-content--top\" id=\"el-16902b44\" data-vce-do-apply=\"all el-16902b44\"><div class=\"vce-row-content\" data-vce-element-content=\"true\"><div class=\"vce-col vce-col--md-66-66p vce-col--xs-1 vce-col--xs-last vce-col--xs-first vce-col--sm-last vce-col--sm-first vce-col--md-first vce-col--lg-first vce-col--xl-first\" id=\"el-68e633dd\"><div class=\"vce-col-inner\" data-vce-do-apply=\"border margin background  el-68e633dd\"><div class=\"vce-col-content\" data-vce-element-content=\"true\" data-vce-do-apply=\"padding el-68e633dd\"><div class=\"vce-text-block\"><div class=\"vce-text-block-wrapper vce\" id=\"el-f2fcb7f9\" data-vce-do-apply=\"all el-f2fcb7f9\"><h2>Time &amp; Attendance&nbsp;<\/h2>\n<p>WEENTIME offre une fonctionnalit\u00e9e avanc\u00e9e permettant de charger les donn\u00e9es de pointage \u00e0 partir de tout type de pointeuses disponibles sur le march\u00e9. WEENTIME permet de charger directement ces fichiers Excel ou CSV export\u00e9s depuis vos pointeuses. Vous pouvez importer ces fichiers de mani\u00e8re simple et rapide via notre interface utilisateur intuitive. WEENTIME valide automatiquement le fichier import\u00e9 pour d\u00e9tecter et corriger les \u00e9ventuelles anomalies. Les donn\u00e9es sont ensuite trait\u00e9es et int\u00e9gr\u00e9es dans le syst\u00e8me pour une gestion imm\u00e9diate.<\/p>\n<p>&nbsp;<\/p><\/div><\/div><\/div><\/div><\/div><div class=\"vce-col vce-col--md-33-34p vce-col--xs-1 vce-col--xs-last vce-col--xs-first vce-col--sm-last vce-col--sm-first vce-col--md-last vce-col--lg-last vce-col--xl-last\" id=\"el-541e581a\"><div class=\"vce-col-inner\" data-vce-do-apply=\"border margin background  el-541e581a\"><div class=\"vce-col-content\" data-vce-element-content=\"true\" data-vce-do-apply=\"padding el-541e581a\"><div class=\"vce-single-image-container vce-single-image--align-left\"><div class=\"vce vce-single-image-wrapper\" id=\"el-c45f0a0b\" data-vce-do-apply=\"all el-c45f0a0b\"><figure><div class=\"vce-single-image-figure-inner\" style=\"width: 1024px;\"><div class=\"vce-single-image-inner vce-single-image--absolute\" style=\"width: 100%; padding-bottom: 66.6016%;\"><img loading=\"lazy\" class=\"vce-single-image\"  width=\"1024\" height=\"682\" srcset=\"https:\/\/www.weentime.com\/wp-content\/uploads\/2024\/07\/hands-1853302_1280-320x213.jpg 320w,https:\/\/www.weentime.com\/wp-content\/uploads\/2024\/07\/hands-1853302_1280-480x320.jpg 480w,https:\/\/www.weentime.com\/wp-content\/uploads\/2024\/07\/hands-1853302_1280-800x533.jpg 800w,https:\/\/www.weentime.com\/wp-content\/uploads\/2024\/07\/hands-1853302_1280-1024x682.jpg 1024w\" src=\"https:\/\/www.weentime.com\/wp-content\/uploads\/2024\/07\/hands-1853302_1280-1024x682.jpg\" data-img-src=\"https:\/\/www.weentime.com\/wp-content\/uploads\/2024\/07\/hands-1853302_1280.jpg\" alt=\"\" title=\"hands-1853302_1280\" \/><\/div><\/div><figcaption hidden=\"\"><\/figcaption><\/figure><\/div><\/div><\/div><\/div><\/div><\/div><\/div><\/div><div class=\"vce-row-container\" data-vce-boxed-width=\"true\"><div class=\"vce-row vce-row--col-gap-30 vce-row-equal-height vce-row-content--top\" id=\"el-e15d8357\" data-vce-do-apply=\"all el-e15d8357\"><div class=\"vce-row-content\" data-vce-element-content=\"true\"><div class=\"vce-col vce-col--md-auto vce-col--xs-1 vce-col--xs-last vce-col--xs-first vce-col--sm-last vce-col--sm-first vce-col--md-last vce-col--lg-last vce-col--xl-last vce-col--md-first vce-col--lg-first vce-col--xl-first\" id=\"el-fddc20c6\"><div class=\"vce-col-inner\" data-vce-do-apply=\"border margin background  el-fddc20c6\"><div class=\"vce-col-content\" data-vce-element-content=\"true\" data-vce-do-apply=\"padding el-fddc20c6\"><div class=\"vce-text-block\"><div class=\"vce-text-block-wrapper vce\" id=\"el-d5fb1b27\" data-vce-do-apply=\"all el-d5fb1b27\"><p>&nbsp;<\/p>\n<h3>Consultation Conviviale des Pointages<\/h3>\n<p>WEENTIME est con\u00e7ue pour \u00eatre extr\u00eamement flexible et param\u00e9trable en ce qui concerne les formats de donn\u00e9es, garantissant une compatibilit\u00e9 maximale avec la plupart des formats utilis\u00e9s par les pointeuses. Vous pouvez mapper les champs des fichiers import\u00e9s (Excel ou CSV) aux champs correspondants dans notre syst\u00e8me. Cela permet d'assurer une correspondance pr\u00e9cise et une importation sans erreur.&nbsp;<\/p>\n<p>WEENTIME offre une interface conviviale et intuitive pour la consultation des donn\u00e9es de pointage, adapt\u00e9e aux diff\u00e9rents utilisateurs selon leurs besoins :<\/p>\n<ul>\n<li><strong>Employ\u00e9s :<\/strong> Les employ\u00e9s peuvent consulter leurs propres pointages via une interface utilisateur simple et claire, permettant de v\u00e9rifier les heures de travail, les absences et les retards.<\/li>\n<li><strong>Chefs Hi\u00e9rarchiques :<\/strong> Les chefs hi\u00e9rarchiques ont acc\u00e8s aux donn\u00e9es de pointage de leurs \u00e9quipes, avec des vues consolid\u00e9es pour une gestion efficace. Ils peuvent approuver ou corriger les pointages directement depuis l'interface.<\/li>\n<li><strong>Responsables RH :<\/strong> Les responsables RH disposent d'une vue compl\u00e8te et d\u00e9taill\u00e9e des pointages de l'ensemble de l'organisation. Ils peuvent g\u00e9n\u00e9rer des rapports, analyser les donn\u00e9es et assurer une gestion optimale des ressources humaines.<\/li>\n<\/ul><\/div><\/div><\/div><\/div><\/div><\/div><\/div><\/div><div class=\"vce-row-container\" data-vce-boxed-width=\"true\"><div class=\"vce-row vce-row--col-gap-30 vce-row-equal-height vce-row-content--top\" id=\"el-ef06eb0f\" data-vce-do-apply=\"all el-ef06eb0f\"><div class=\"vce-row-content\" data-vce-element-content=\"true\"><div class=\"vce-col vce-col--md-auto vce-col--xs-1 vce-col--xs-last vce-col--xs-first vce-col--sm-last vce-col--sm-first vce-col--md-first vce-col--lg-first vce-col--xl-first\" id=\"el-a40670d0\"><div class=\"vce-col-inner\" data-vce-do-apply=\"border margin background  el-a40670d0\"><div class=\"vce-col-content\" data-vce-element-content=\"true\" data-vce-do-apply=\"padding el-a40670d0\"><div class=\"vce-single-image-container vce-single-image--align-left\"><div class=\"vce vce-single-image-wrapper\" id=\"el-e942c6f3\" data-vce-do-apply=\"all el-e942c6f3\"><figure><div class=\"vce-single-image-figure-inner\" style=\"width: 1024px;\"><div class=\"vce-single-image-inner vce-single-image--absolute\" style=\"width: 100%; padding-bottom: 66.6016%;\"><img loading=\"lazy\" class=\"vce-single-image\"  width=\"1024\" height=\"682\" srcset=\"https:\/\/www.weentime.com\/wp-content\/uploads\/2024\/07\/desk-593327_1280-320x213.jpg 320w,https:\/\/www.weentime.com\/wp-content\/uploads\/2024\/07\/desk-593327_1280-480x320.jpg 480w,https:\/\/www.weentime.com\/wp-content\/uploads\/2024\/07\/desk-593327_1280-800x533.jpg 800w,https:\/\/www.weentime.com\/wp-content\/uploads\/2024\/07\/desk-593327_1280-1024x682.jpg 1024w\" src=\"https:\/\/www.weentime.com\/wp-content\/uploads\/2024\/07\/desk-593327_1280-1024x682.jpg\" data-img-src=\"https:\/\/www.weentime.com\/wp-content\/uploads\/2024\/07\/desk-593327_1280.jpg\" alt=\"\" title=\"desk-593327_1280\" \/><\/div><\/div><figcaption hidden=\"\"><\/figcaption><\/figure><\/div><\/div><\/div><\/div><\/div><div class=\"vce-col vce-col--md-auto vce-col--xs-1 vce-col--xs-last vce-col--xs-first vce-col--sm-last vce-col--sm-first vce-col--md-last vce-col--lg-last vce-col--xl-last\" id=\"el-85128497\"><div class=\"vce-col-inner\" data-vce-do-apply=\"border margin background  el-85128497\"><div class=\"vce-col-content\" data-vce-element-content=\"true\" data-vce-do-apply=\"padding el-85128497\"><div class=\"vce-text-block\"><div class=\"vce-text-block-wrapper vce\" id=\"el-9e33edc0\" data-vce-do-apply=\"all el-9e33edc0\"><h2>Controle de pr\u00e9sence&nbsp;<\/h2>\n<p>weentime offre une d\u00e9tection assist\u00e9e des absences et des retards<\/p><\/div><\/div><\/div><\/div><\/div><\/div><\/div><\/div>","protected":false},"excerpt":{"rendered":"<p>Gestion des pointages&nbsp; WEENTIME offre une fonctionnalit\u00e9e avanc\u00e9e permettant de charger les donn\u00e9es de pointage \u00e0 partir de tout type de pointeuses disponibles sur le march\u00e9. WEENTIME permet de charger directement ces fichiers Excel ou CSV export\u00e9s depuis vos pointeuses. Vous pouvez importer ces fichiers de mani\u00e8re simple et rapide via notre interface utilisateur intuitive. &hellip;<\/p>\n<p class=\"read-more\"> <a class=\"\" href=\"https:\/\/www.weentime.com\/en\/horaires-de-travail-et-pointage\/\"> <span class=\"screen-reader-text\">Time Tracking<\/span> Read More &raquo;<\/a><\/p>","protected":false},"author":2,"featured_media":0,"parent":0,"menu_order":0,"comment_status":"closed","ping_status":"closed","template":"","meta":{"site-sidebar-layout":"default","site-content-layout":"default","ast-global-header-display":"","ast-main-header-display":"","ast-hfb-above-header-display":"","ast-hfb-below-header-display":"","ast-hfb-mobile-header-display":"","site-post-title":"","ast-breadcrumbs-content":"","ast-featured-img":"","footer-sml-layout":"","theme-transparent-header-meta":"","adv-header-id-meta":"","stick-header-meta":"","header-above-stick-meta":"","header-main-stick-meta":"","header-below-stick-meta":""},"yoast_head":"<!-- This site is optimized with the Yoast SEO plugin v20.2 - https:\/\/yoast.com\/wordpress\/plugins\/seo\/ -->\n<title>Horaires de travail et pointage -<\/title>\n<meta name=\"robots\" content=\"index, follow, max-snippet:-1, max-image-preview:large, max-video-preview:-1\" \/>\n<link rel=\"canonical\" href=\"https:\/\/www.weentime.com\/en\/horaires-de-travail-et-pointage\/\" \/>\n<meta property=\"og:locale\" content=\"en_US\" \/>\n<meta property=\"og:type\" content=\"article\" \/>\n<meta property=\"og:title\" content=\"Horaires de travail et pointage -\" \/>\n<meta property=\"og:description\" content=\"Gestion des pointages&nbsp; WEENTIME offre une fonctionnalit\u00e9e avanc\u00e9e permettant de charger les donn\u00e9es de pointage \u00e0 partir de tout type de pointeuses disponibles sur le march\u00e9. WEENTIME permet de charger directement ces fichiers Excel ou CSV export\u00e9s depuis vos pointeuses. Vous pouvez importer ces fichiers de mani\u00e8re simple et rapide via notre interface utilisateur intuitive. &hellip; Horaires de travail et pointage Read More &raquo;\" \/>\n<meta property=\"og:url\" content=\"https:\/\/www.weentime.com\/en\/horaires-de-travail-et-pointage\/\" \/>\n<meta property=\"article:publisher\" content=\"https:\/\/www.facebook.com\/weentimerh\" \/>\n<meta property=\"article:modified_time\" content=\"2024-07-01T10:59:04+00:00\" \/>\n<meta name=\"twitter:card\" content=\"summary_large_image\" \/>\n<script type=\"application\/ld+json\" class=\"yoast-schema-graph\">{\"@context\":\"https:\/\/schema.org\",\"@graph\":[{\"@type\":\"WebPage\",\"@id\":\"https:\/\/www.weentime.com\/horaires-de-travail-et-pointage\/\",\"url\":\"https:\/\/www.weentime.com\/horaires-de-travail-et-pointage\/\",\"name\":\"Horaires de travail et pointage -\",\"isPartOf\":{\"@id\":\"https:\/\/www.weentime.com\/#website\"},\"datePublished\":\"2024-05-14T11:07:56+00:00\",\"dateModified\":\"2024-07-01T10:59:04+00:00\",\"breadcrumb\":{\"@id\":\"https:\/\/www.weentime.com\/horaires-de-travail-et-pointage\/#breadcrumb\"},\"inLanguage\":\"en-US\",\"potentialAction\":[{\"@type\":\"ReadAction\",\"target\":[\"https:\/\/www.weentime.com\/horaires-de-travail-et-pointage\/\"]}]},{\"@type\":\"BreadcrumbList\",\"@id\":\"https:\/\/www.weentime.com\/horaires-de-travail-et-pointage\/#breadcrumb\",\"itemListElement\":[{\"@type\":\"ListItem\",\"position\":1,\"name\":\"Home\",\"item\":\"https:\/\/www.weentime.com\/\"},{\"@type\":\"ListItem\",\"position\":2,\"name\":\"Horaires de travail et pointage\"}]},{\"@type\":\"WebSite\",\"@id\":\"https:\/\/www.weentime.com\/#website\",\"url\":\"https:\/\/www.weentime.com\/\",\"name\":\"WEENTIME\",\"description\":\"Weentime | Solution SAAS\",\"publisher\":{\"@id\":\"https:\/\/www.weentime.com\/#organization\"},\"potentialAction\":[{\"@type\":\"SearchAction\",\"target\":{\"@type\":\"EntryPoint\",\"urlTemplate\":\"https:\/\/www.weentime.com\/?s={search_term_string}\"},\"query-input\":\"required name=search_term_string\"}],\"inLanguage\":\"en-US\"},{\"@type\":\"Organization\",\"@id\":\"https:\/\/www.weentime.com\/#organization\",\"name\":\"WEENTIME\",\"url\":\"https:\/\/www.weentime.com\/\",\"logo\":{\"@type\":\"ImageObject\",\"inLanguage\":\"en-US\",\"@id\":\"https:\/\/www.weentime.com\/#\/schema\/logo\/image\/\",\"url\":\"https:\/\/www.weentime.com\/wp-content\/uploads\/2022\/08\/cropped-logo-weentime.png\",\"contentUrl\":\"https:\/\/www.weentime.com\/wp-content\/uploads\/2022\/08\/cropped-logo-weentime.png\",\"width\":298,\"height\":62,\"caption\":\"WEENTIME\"},\"image\":{\"@id\":\"https:\/\/www.weentime.com\/#\/schema\/logo\/image\/\"},\"sameAs\":[\"https:\/\/www.facebook.com\/weentimerh\",\"https:\/\/www.linkedin.com\/company\/weentime\/\"]}]}<\/script>\n<!-- \/ Yoast SEO plugin. -->","yoast_head_json":{"title":"Horaires de travail et pointage -","robots":{"index":"index","follow":"follow","max-snippet":"max-snippet:-1","max-image-preview":"max-image-preview:large","max-video-preview":"max-video-preview:-1"},"canonical":"https:\/\/www.weentime.com\/en\/horaires-de-travail-et-pointage\/","og_locale":"en_US","og_type":"article","og_title":"Horaires de travail et pointage -","og_description":"Gestion des pointages&nbsp; WEENTIME offre une fonctionnalit\u00e9e avanc\u00e9e permettant de charger les donn\u00e9es de pointage \u00e0 partir de tout type de pointeuses disponibles sur le march\u00e9. WEENTIME permet de charger directement ces fichiers Excel ou CSV export\u00e9s depuis vos pointeuses. Vous pouvez importer ces fichiers de mani\u00e8re simple et rapide via notre interface utilisateur intuitive. &hellip; Horaires de travail et pointage Read More &raquo;","og_url":"https:\/\/www.weentime.com\/en\/horaires-de-travail-et-pointage\/","article_publisher":"https:\/\/www.facebook.com\/weentimerh","article_modified_time":"2024-07-01T10:59:04+00:00","twitter_card":"summary_large_image","schema":{"@context":"https:\/\/schema.org","@graph":[{"@type":"WebPage","@id":"https:\/\/www.weentime.com\/horaires-de-travail-et-pointage\/","url":"https:\/\/www.weentime.com\/horaires-de-travail-et-pointage\/","name":"Horaires de travail et pointage -","isPartOf":{"@id":"https:\/\/www.weentime.com\/#website"},"datePublished":"2024-05-14T11:07:56+00:00","dateModified":"2024-07-01T10:59:04+00:00","breadcrumb":{"@id":"https:\/\/www.weentime.com\/horaires-de-travail-et-pointage\/#breadcrumb"},"inLanguage":"en-US","potentialAction":[{"@type":"ReadAction","target":["https:\/\/www.weentime.com\/horaires-de-travail-et-pointage\/"]}]},{"@type":"BreadcrumbList","@id":"https:\/\/www.weentime.com\/horaires-de-travail-et-pointage\/#breadcrumb","itemListElement":[{"@type":"ListItem","position":1,"name":"Home","item":"https:\/\/www.weentime.com\/"},{"@type":"ListItem","position":2,"name":"Horaires de travail et pointage"}]},{"@type":"WebSite","@id":"https:\/\/www.weentime.com\/#website","url":"https:\/\/www.weentime.com\/","name":"WEENTIME","description":"Weentime | Solution SAAS","publisher":{"@id":"https:\/\/www.weentime.com\/#organization"},"potentialAction":[{"@type":"SearchAction","target":{"@type":"EntryPoint","urlTemplate":"https:\/\/www.weentime.com\/?s={search_term_string}"},"query-input":"required name=search_term_string"}],"inLanguage":"en-US"},{"@type":"Organization","@id":"https:\/\/www.weentime.com\/#organization","name":"WEENTIME","url":"https:\/\/www.weentime.com\/","logo":{"@type":"ImageObject","inLanguage":"en-US","@id":"https:\/\/www.weentime.com\/#\/schema\/logo\/image\/","url":"https:\/\/www.weentime.com\/wp-content\/uploads\/2022\/08\/cropped-logo-weentime.png","contentUrl":"https:\/\/www.weentime.com\/wp-content\/uploads\/2022\/08\/cropped-logo-weentime.png","width":298,"height":62,"caption":"WEENTIME"},"image":{"@id":"https:\/\/www.weentime.com\/#\/schema\/logo\/image\/"},"sameAs":["https:\/\/www.facebook.com\/weentimerh","https:\/\/www.linkedin.com\/company\/weentime\/"]}]}},"_links":{"self":[{"href":"https:\/\/www.weentime.com\/en\/wp-json\/wp\/v2\/pages\/1545"}],"collection":[{"href":"https:\/\/www.weentime.com\/en\/wp-json\/wp\/v2\/pages"}],"about":[{"href":"https:\/\/www.weentime.com\/en\/wp-json\/wp\/v2\/types\/page"}],"author":[{"embeddable":true,"href":"https:\/\/www.weentime.com\/en\/wp-json\/wp\/v2\/users\/2"}],"replies":[{"embeddable":true,"href":"https:\/\/www.weentime.com\/en\/wp-json\/wp\/v2\/comments?post=1545"}],"version-history":[{"count":4,"href":"https:\/\/www.weentime.com\/en\/wp-json\/wp\/v2\/pages\/1545\/revisions"}],"predecessor-version":[{"id":1616,"href":"https:\/\/www.weentime.com\/en\/wp-json\/wp\/v2\/pages\/1545\/revisions\/1616"}],"wp:attachment":[{"href":"https:\/\/www.weentime.com\/en\/wp-json\/wp\/v2\/media?parent=1545"}],"curies":[{"name":"wp","href":"https:\/\/api.w.org\/{rel}","templated":true}]}}