{"id":1530,"date":"2024-04-22T08:16:45","date_gmt":"2024-04-22T08:16:45","guid":{"rendered":"https:\/\/www.weentime.com\/?page_id=1530"},"modified":"2024-07-01T10:57:56","modified_gmt":"2024-07-01T10:57:56","slug":"integrateur-logiciel-gestion-paie","status":"publish","type":"page","link":"https:\/\/www.weentime.com\/en\/integrateur-logiciel-gestion-paie\/","title":{"rendered":"Payroll Software Connectors"},"content":{"rendered":"<div class=\"vce-row-container\" data-vce-boxed-width=\"true\"><div class=\"vce-row vce-row--col-gap-30 vce-row-equal-height vce-row-content--top\" id=\"el-f04d70f8\" data-vce-do-apply=\"all el-f04d70f8\"><div class=\"vce-row-content\" data-vce-element-content=\"true\"><div class=\"vce-col vce-col--md-auto vce-col--xs-1 vce-col--xs-last vce-col--xs-first vce-col--sm-last vce-col--sm-first vce-col--md-last vce-col--lg-last vce-col--xl-last vce-col--md-first vce-col--lg-first vce-col--xl-first\" id=\"el-d567a89f\"><div class=\"vce-col-inner\" data-vce-do-apply=\"border margin background  el-d567a89f\"><div class=\"vce-col-content\" data-vce-element-content=\"true\" data-vce-do-apply=\"padding el-d567a89f\"><div class=\"vce-text-block\"><div class=\"vce-text-block-wrapper vce\" id=\"el-33d5915b\" data-vce-do-apply=\"all el-33d5915b\"><h2>Connecteurs vers Logiciels de Paie : Int\u00e9gration Transparente et Efficace<\/h2><p>WEENTIME propose une s\u00e9rie de fonctionnalit\u00e9s avanc\u00e9es pour une gestion efficace et pr\u00e9cise des cong\u00e9s et des temps de travail, avec une flexibilit\u00e9 et une automatisation accrues.<\/p><\/div><\/div><\/div><\/div><\/div><\/div><\/div><\/div><div class=\"vce-row-container\" data-vce-boxed-width=\"true\"><div class=\"vce-row vce-row--col-gap-30 vce-row-equal-height vce-row-content--top\" id=\"el-81a5ef1f\" data-vce-do-apply=\"all el-81a5ef1f\"><div class=\"vce-row-content\" data-vce-element-content=\"true\"><div class=\"vce-col vce-col--md-auto vce-col--xs-1 vce-col--xs-last vce-col--xs-first vce-col--sm-last vce-col--sm-first vce-col--md-first vce-col--lg-first vce-col--xl-first\" id=\"el-41d3e2f8\"><div class=\"vce-col-inner\" data-vce-do-apply=\"border margin background  el-41d3e2f8\"><div class=\"vce-col-content\" data-vce-element-content=\"true\" data-vce-do-apply=\"padding el-41d3e2f8\"><div class=\"vce-single-image-container vce-single-image--align-left\"><div class=\"vce vce-single-image-wrapper\" id=\"el-f07b7129\" data-vce-do-apply=\"all el-f07b7129\"><figure><div class=\"vce-single-image-figure-inner\" style=\"width: 1024px;\"><div class=\"vce-single-image-inner vce-single-image--absolute\" style=\"width: 100%; padding-bottom: 64.8438%;\"><img loading=\"lazy\" class=\"vce-single-image\"  width=\"1024\" height=\"664\" srcset=\"https:\/\/www.weentime.com\/wp-content\/uploads\/2024\/07\/computer-2982270_1280-320x208.jpg 320w,https:\/\/www.weentime.com\/wp-content\/uploads\/2024\/07\/computer-2982270_1280-480x311.jpg 480w,https:\/\/www.weentime.com\/wp-content\/uploads\/2024\/07\/computer-2982270_1280-800x519.jpg 800w,https:\/\/www.weentime.com\/wp-content\/uploads\/2024\/07\/computer-2982270_1280-1024x664.jpg 1024w\" src=\"https:\/\/www.weentime.com\/wp-content\/uploads\/2024\/07\/computer-2982270_1280-1024x664.jpg\" data-img-src=\"https:\/\/www.weentime.com\/wp-content\/uploads\/2024\/07\/computer-2982270_1280.jpg\" alt=\"\" title=\"computer-2982270_1280\" \/><\/div><\/div><figcaption hidden=\"\"><\/figcaption><\/figure><\/div><\/div><\/div><\/div><\/div><div class=\"vce-col vce-col--md-auto vce-col--xs-1 vce-col--xs-last vce-col--xs-first vce-col--sm-last vce-col--sm-first vce-col--md-last vce-col--lg-last vce-col--xl-last\" id=\"el-a2440379\"><div class=\"vce-col-inner\" data-vce-do-apply=\"border margin background  el-a2440379\"><div class=\"vce-col-content\" data-vce-element-content=\"true\" data-vce-do-apply=\"padding el-a2440379\"><div class=\"vce-text-block\"><div class=\"vce-text-block-wrapper vce\" id=\"el-bf311c89\" data-vce-do-apply=\"all el-bf311c89\"><h2>Connecteurs Vers Logiciels de Paie : Int\u00e9gration sans Effort<\/h2><p>Chaque fin de mois, notre syst\u00e8me g\u00e9n\u00e8re un rapport d\u00e9taill\u00e9 comportant plus de 20 indicateurs cl\u00e9s, offrant une vue compl\u00e8te sur les mouvements et les soldes des cong\u00e9s et des temps de travail. Les indicateurs incluent : Solde D\u00e9but, Solde Fin, Cong\u00e9s pris, Annulation&nbsp; et r\u00e9gularisation des mois ant\u00e9rieurs, Ajustements, Heures suppl\u00e9mentaires; Sorties de bureau; Retards; Sans solde; Maladie; Solde RTT d\u00e9but et fin; Cong\u00e9s RTT; etc. Les donn\u00e9es peuvent \u00eatre export\u00e9es vers la paie en formats Excel et CSV, avec une forte flexibilit\u00e9 pour le format des donn\u00e9es et le choix des indicateurs.<\/p><\/div><\/div><\/div><\/div><\/div><\/div><\/div><\/div><div class=\"vce-row-container\" data-vce-boxed-width=\"true\"><div class=\"vce-row vce-row--col-gap-30 vce-row-equal-height vce-row-content--top\" id=\"el-48baa08c\" data-vce-do-apply=\"all el-48baa08c\"><div class=\"vce-row-content\" data-vce-element-content=\"true\"><div class=\"vce-col vce-col--md-auto vce-col--xs-1 vce-col--xs-last vce-col--xs-first vce-col--sm-last vce-col--sm-first vce-col--md-last vce-col--lg-last vce-col--xl-last vce-col--md-first vce-col--lg-first vce-col--xl-first\" id=\"el-59479f4a\"><div class=\"vce-col-inner\" data-vce-do-apply=\"border margin background  el-59479f4a\"><div class=\"vce-col-content\" data-vce-element-content=\"true\" data-vce-do-apply=\"padding el-59479f4a\"><div class=\"vce-text-block\"><div class=\"vce-text-block-wrapper vce\" id=\"el-73830491\" data-vce-do-apply=\"all el-73830491\"><h2>Gagnez du Temps avec WEENTIME<\/h2><p><span style=\"font-size: 15.4px; text-align: center;\">WEENTIME offre une gestion avanc\u00e9e et flexible des cong\u00e9s et des temps de travail, avec des fonctionnalit\u00e9s puissantes pour l'arr\u00eat de la situation en fin de mois, la gestion des cong\u00e9s \u00e9tal\u00e9s sur plusieurs mois, le traitement des annulations, et l'export des donn\u00e9es vers la paie. Tout cela est compl\u00e9t\u00e9 par un acc\u00e8s s\u00e9curis\u00e9 \u00e0 l'historique des donn\u00e9es et un param\u00e9trage flexible, permettant une adaptation optimale aux besoins sp\u00e9cifiques de votre organisation.<\/span><\/p><\/div><\/div><\/div><\/div><\/div><\/div><\/div><\/div>","protected":false},"excerpt":{"rendered":"<p>Connecteurs vers Logiciels de Paie : Int\u00e9gration Transparente et EfficaceWEENTIME propose une s\u00e9rie de fonctionnalit\u00e9s avanc\u00e9es pour une gestion efficace et pr\u00e9cise des cong\u00e9s et des temps de travail, avec une flexibilit\u00e9 et une automatisation accrues.Connecteurs Vers Logiciels de Paie : Int\u00e9gration sans EffortChaque fin de mois, notre syst\u00e8me g\u00e9n\u00e8re un rapport d\u00e9taill\u00e9 comportant plus &hellip;<\/p>\n<p class=\"read-more\"> <a class=\"\" href=\"https:\/\/www.weentime.com\/en\/integrateur-logiciel-gestion-paie\/\"> <span class=\"screen-reader-text\">Payroll Software Connectors<\/span> Read More &raquo;<\/a><\/p>","protected":false},"author":2,"featured_media":0,"parent":0,"menu_order":0,"comment_status":"closed","ping_status":"closed","template":"","meta":{"site-sidebar-layout":"default","site-content-layout":"default","ast-global-header-display":"","ast-main-header-display":"","ast-hfb-above-header-display":"","ast-hfb-below-header-display":"","ast-hfb-mobile-header-display":"","site-post-title":"","ast-breadcrumbs-content":"","ast-featured-img":"","footer-sml-layout":"","theme-transparent-header-meta":"default","adv-header-id-meta":"","stick-header-meta":"","header-above-stick-meta":"","header-main-stick-meta":"","header-below-stick-meta":""},"yoast_head":"<!-- This site is optimized with the Yoast SEO plugin v20.2 - https:\/\/yoast.com\/wordpress\/plugins\/seo\/ -->\n<title>Connecteurs vers Logiciels de Paie -<\/title>\n<meta name=\"robots\" content=\"index, follow, max-snippet:-1, max-image-preview:large, max-video-preview:-1\" \/>\n<link rel=\"canonical\" href=\"https:\/\/www.weentime.com\/en\/integrateur-logiciel-gestion-paie\/\" \/>\n<meta property=\"og:locale\" content=\"en_US\" \/>\n<meta property=\"og:type\" content=\"article\" \/>\n<meta property=\"og:title\" content=\"Connecteurs vers Logiciels de Paie -\" \/>\n<meta property=\"og:description\" content=\"Connecteurs vers Logiciels de Paie : Int\u00e9gration Transparente et EfficaceWEENTIME propose une s\u00e9rie de fonctionnalit\u00e9s avanc\u00e9es pour une gestion efficace et pr\u00e9cise des cong\u00e9s et des temps de travail, avec une flexibilit\u00e9 et une automatisation accrues.Connecteurs Vers Logiciels de Paie : Int\u00e9gration sans EffortChaque fin de mois, notre syst\u00e8me g\u00e9n\u00e8re un rapport d\u00e9taill\u00e9 comportant plus &hellip; Connecteurs vers Logiciels de Paie Read More &raquo;\" \/>\n<meta property=\"og:url\" content=\"https:\/\/www.weentime.com\/en\/integrateur-logiciel-gestion-paie\/\" \/>\n<meta property=\"article:publisher\" content=\"https:\/\/www.facebook.com\/weentimerh\" \/>\n<meta property=\"article:modified_time\" content=\"2024-07-01T10:57:56+00:00\" \/>\n<meta name=\"twitter:card\" content=\"summary_large_image\" \/>\n<script type=\"application\/ld+json\" class=\"yoast-schema-graph\">{\"@context\":\"https:\/\/schema.org\",\"@graph\":[{\"@type\":\"WebPage\",\"@id\":\"https:\/\/www.weentime.com\/integrateur-logiciel-gestion-paie\/\",\"url\":\"https:\/\/www.weentime.com\/integrateur-logiciel-gestion-paie\/\",\"name\":\"Connecteurs vers Logiciels de Paie -\",\"isPartOf\":{\"@id\":\"https:\/\/www.weentime.com\/#website\"},\"datePublished\":\"2024-04-22T08:16:45+00:00\",\"dateModified\":\"2024-07-01T10:57:56+00:00\",\"breadcrumb\":{\"@id\":\"https:\/\/www.weentime.com\/integrateur-logiciel-gestion-paie\/#breadcrumb\"},\"inLanguage\":\"en-US\",\"potentialAction\":[{\"@type\":\"ReadAction\",\"target\":[\"https:\/\/www.weentime.com\/integrateur-logiciel-gestion-paie\/\"]}]},{\"@type\":\"BreadcrumbList\",\"@id\":\"https:\/\/www.weentime.com\/integrateur-logiciel-gestion-paie\/#breadcrumb\",\"itemListElement\":[{\"@type\":\"ListItem\",\"position\":1,\"name\":\"Home\",\"item\":\"https:\/\/www.weentime.com\/\"},{\"@type\":\"ListItem\",\"position\":2,\"name\":\"Connecteurs vers Logiciels de Paie\"}]},{\"@type\":\"WebSite\",\"@id\":\"https:\/\/www.weentime.com\/#website\",\"url\":\"https:\/\/www.weentime.com\/\",\"name\":\"WEENTIME\",\"description\":\"Weentime | Solution SAAS\",\"publisher\":{\"@id\":\"https:\/\/www.weentime.com\/#organization\"},\"potentialAction\":[{\"@type\":\"SearchAction\",\"target\":{\"@type\":\"EntryPoint\",\"urlTemplate\":\"https:\/\/www.weentime.com\/?s={search_term_string}\"},\"query-input\":\"required name=search_term_string\"}],\"inLanguage\":\"en-US\"},{\"@type\":\"Organization\",\"@id\":\"https:\/\/www.weentime.com\/#organization\",\"name\":\"WEENTIME\",\"url\":\"https:\/\/www.weentime.com\/\",\"logo\":{\"@type\":\"ImageObject\",\"inLanguage\":\"en-US\",\"@id\":\"https:\/\/www.weentime.com\/#\/schema\/logo\/image\/\",\"url\":\"https:\/\/www.weentime.com\/wp-content\/uploads\/2022\/08\/cropped-logo-weentime.png\",\"contentUrl\":\"https:\/\/www.weentime.com\/wp-content\/uploads\/2022\/08\/cropped-logo-weentime.png\",\"width\":298,\"height\":62,\"caption\":\"WEENTIME\"},\"image\":{\"@id\":\"https:\/\/www.weentime.com\/#\/schema\/logo\/image\/\"},\"sameAs\":[\"https:\/\/www.facebook.com\/weentimerh\",\"https:\/\/www.linkedin.com\/company\/weentime\/\"]}]}<\/script>\n<!-- \/ Yoast SEO plugin. -->","yoast_head_json":{"title":"Connecteurs vers Logiciels de Paie -","robots":{"index":"index","follow":"follow","max-snippet":"max-snippet:-1","max-image-preview":"max-image-preview:large","max-video-preview":"max-video-preview:-1"},"canonical":"https:\/\/www.weentime.com\/en\/integrateur-logiciel-gestion-paie\/","og_locale":"en_US","og_type":"article","og_title":"Connecteurs vers Logiciels de Paie -","og_description":"Connecteurs vers Logiciels de Paie : Int\u00e9gration Transparente et EfficaceWEENTIME propose une s\u00e9rie de fonctionnalit\u00e9s avanc\u00e9es pour une gestion efficace et pr\u00e9cise des cong\u00e9s et des temps de travail, avec une flexibilit\u00e9 et une automatisation accrues.Connecteurs Vers Logiciels de Paie : Int\u00e9gration sans EffortChaque fin de mois, notre syst\u00e8me g\u00e9n\u00e8re un rapport d\u00e9taill\u00e9 comportant plus &hellip; Connecteurs vers Logiciels de Paie Read More &raquo;","og_url":"https:\/\/www.weentime.com\/en\/integrateur-logiciel-gestion-paie\/","article_publisher":"https:\/\/www.facebook.com\/weentimerh","article_modified_time":"2024-07-01T10:57:56+00:00","twitter_card":"summary_large_image","schema":{"@context":"https:\/\/schema.org","@graph":[{"@type":"WebPage","@id":"https:\/\/www.weentime.com\/integrateur-logiciel-gestion-paie\/","url":"https:\/\/www.weentime.com\/integrateur-logiciel-gestion-paie\/","name":"Connecteurs vers Logiciels de Paie -","isPartOf":{"@id":"https:\/\/www.weentime.com\/#website"},"datePublished":"2024-04-22T08:16:45+00:00","dateModified":"2024-07-01T10:57:56+00:00","breadcrumb":{"@id":"https:\/\/www.weentime.com\/integrateur-logiciel-gestion-paie\/#breadcrumb"},"inLanguage":"en-US","potentialAction":[{"@type":"ReadAction","target":["https:\/\/www.weentime.com\/integrateur-logiciel-gestion-paie\/"]}]},{"@type":"BreadcrumbList","@id":"https:\/\/www.weentime.com\/integrateur-logiciel-gestion-paie\/#breadcrumb","itemListElement":[{"@type":"ListItem","position":1,"name":"Home","item":"https:\/\/www.weentime.com\/"},{"@type":"ListItem","position":2,"name":"Connecteurs vers Logiciels de Paie"}]},{"@type":"WebSite","@id":"https:\/\/www.weentime.com\/#website","url":"https:\/\/www.weentime.com\/","name":"WEENTIME","description":"Weentime | Solution SAAS","publisher":{"@id":"https:\/\/www.weentime.com\/#organization"},"potentialAction":[{"@type":"SearchAction","target":{"@type":"EntryPoint","urlTemplate":"https:\/\/www.weentime.com\/?s={search_term_string}"},"query-input":"required name=search_term_string"}],"inLanguage":"en-US"},{"@type":"Organization","@id":"https:\/\/www.weentime.com\/#organization","name":"WEENTIME","url":"https:\/\/www.weentime.com\/","logo":{"@type":"ImageObject","inLanguage":"en-US","@id":"https:\/\/www.weentime.com\/#\/schema\/logo\/image\/","url":"https:\/\/www.weentime.com\/wp-content\/uploads\/2022\/08\/cropped-logo-weentime.png","contentUrl":"https:\/\/www.weentime.com\/wp-content\/uploads\/2022\/08\/cropped-logo-weentime.png","width":298,"height":62,"caption":"WEENTIME"},"image":{"@id":"https:\/\/www.weentime.com\/#\/schema\/logo\/image\/"},"sameAs":["https:\/\/www.facebook.com\/weentimerh","https:\/\/www.linkedin.com\/company\/weentime\/"]}]}},"_links":{"self":[{"href":"https:\/\/www.weentime.com\/en\/wp-json\/wp\/v2\/pages\/1530"}],"collection":[{"href":"https:\/\/www.weentime.com\/en\/wp-json\/wp\/v2\/pages"}],"about":[{"href":"https:\/\/www.weentime.com\/en\/wp-json\/wp\/v2\/types\/page"}],"author":[{"embeddable":true,"href":"https:\/\/www.weentime.com\/en\/wp-json\/wp\/v2\/users\/2"}],"replies":[{"embeddable":true,"href":"https:\/\/www.weentime.com\/en\/wp-json\/wp\/v2\/comments?post=1530"}],"version-history":[{"count":7,"href":"https:\/\/www.weentime.com\/en\/wp-json\/wp\/v2\/pages\/1530\/revisions"}],"predecessor-version":[{"id":1613,"href":"https:\/\/www.weentime.com\/en\/wp-json\/wp\/v2\/pages\/1530\/revisions\/1613"}],"wp:attachment":[{"href":"https:\/\/www.weentime.com\/en\/wp-json\/wp\/v2\/media?parent=1530"}],"curies":[{"name":"wp","href":"https:\/\/api.w.org\/{rel}","templated":true}]}}