{"id":1527,"date":"2024-04-22T08:14:54","date_gmt":"2024-04-22T08:14:54","guid":{"rendered":"https:\/\/www.weentime.com\/?page_id=1527"},"modified":"2025-01-06T11:08:11","modified_gmt":"2025-01-06T11:08:11","slug":"gestion-heures-supp-et-repos-compensateur","status":"publish","type":"page","link":"https:\/\/www.weentime.com\/en\/gestion-heures-supp-et-repos-compensateur\/","title":{"rendered":"Overtime and Compensatory Rest"},"content":{"rendered":"<div class=\"vce-row-container\" data-vce-boxed-width=\"true\"><div class=\"vce-row vce-row--col-gap-30 vce-row-equal-height vce-row-content--top\" id=\"el-5b9ce7c8\" data-vce-do-apply=\"all el-5b9ce7c8\"><div class=\"vce-row-content\" data-vce-element-content=\"true\"><div class=\"vce-col vce-col--md-auto vce-col--xs-1 vce-col--xs-last vce-col--xs-first vce-col--sm-last vce-col--sm-first vce-col--md-last vce-col--lg-last vce-col--xl-last vce-col--md-first vce-col--lg-first vce-col--xl-first\" id=\"el-0db22205\"><div class=\"vce-col-inner\" data-vce-do-apply=\"border margin background  el-0db22205\"><div class=\"vce-col-content\" data-vce-element-content=\"true\" data-vce-do-apply=\"padding el-0db22205\"><div class=\"vce-text-block\"><div class=\"vce-text-block-wrapper vce\" id=\"el-eb0974b0\" data-vce-do-apply=\"all el-eb0974b0\"><h2>Gestion des heures supp et repos compensateur<\/h2>\n<p>Weentime offre <strong>un workflow complet pour la d\u00e9claration des heures suppl\u00e9mentaires<\/strong>, qui inclut la validation par le sup\u00e9rieur hi\u00e9rarchique et le service RH, ainsi que la possibilit\u00e9 de refus et d\u2019annulation.<\/p>\n<p><strong>Le repos compensateur<\/strong> est g\u00e9r\u00e9 s\u00e9par\u00e9ment du <strong>solde de cong\u00e9,<\/strong> ce qui permet une gestion plus claire et pr\u00e9cise. La saisie des <strong>heures suppl\u00e9mentaires<\/strong> peut \u00eatre effectu\u00e9e par les chefs hi\u00e9rarchiques, le service RH ou les assistantes, Les heures suppl\u00e9mentaires sont automatiquement comptabilis\u00e9es dans la paie gr\u00e2ce \u00e0 notre option \u00ab <strong>Connecteur pour logiciels de paie<\/strong> \u00bb. Pour les heures suppl\u00e9mentaires non-comptabilis\u00e9es dans la paie, weentime offre une compensation tr\u00e8s flexible.<\/p>\n<p>Elles peuvent \u00eatre valoris\u00e9es et alimenter le droit au repos compensateur, pouvant <strong>compenser les retards, les sorties de bureau ou les absences<\/strong>. Vous avez \u00e9galement la possibilit\u00e9 d\u2019<strong>imputer un cong\u00e9 sur le repos compensateur.<\/strong> L\u2019historique des heures suppl\u00e9mentaires et du repos compensateur est s\u00e9curis\u00e9 et accessible \u00e0 tout moment.<\/p><\/div><\/div><\/div><\/div><\/div><\/div><\/div><\/div><div class=\"vce-row-container\" data-vce-boxed-width=\"true\"><div class=\"vce-row vce-row--col-gap-30 vce-row-equal-height vce-row-content--top\" id=\"el-a62393d4\" data-vce-do-apply=\"all el-a62393d4\"><div class=\"vce-row-content\" data-vce-element-content=\"true\"><div class=\"vce-col vce-col--md-auto vce-col--xs-1 vce-col--xs-last vce-col--xs-first vce-col--sm-last vce-col--sm-first vce-col--md-last vce-col--lg-last vce-col--xl-last vce-col--md-first vce-col--lg-first vce-col--xl-first\" id=\"el-638a02d4\"><div class=\"vce-col-inner\" data-vce-do-apply=\"border margin background  el-638a02d4\"><div class=\"vce-col-content\" data-vce-element-content=\"true\" data-vce-do-apply=\"padding el-638a02d4\"><div class=\"vce-text-block\"><div class=\"vce-text-block-wrapper vce\" id=\"el-59063fa1\" data-vce-do-apply=\"all el-59063fa1\"><h2>Caclcul des heures des heures supp via WEENTIME.<\/h2><p>Si vous avez des pointeuses, Weentime calcule pour vous <strong>les heures supp<\/strong>.<\/p><p>Il vous suffit de d\u00e9clarer<strong> les horaires de travail<\/strong> dans la configuration Weentime une seule fois. Ensuite vous mettez en place une proc\u00e9dure et\/ou des outils pour charger dans Weentime les fichiers g\u00e9n\u00e9r\u00e9s par les pointeuses.<\/p><p>Weentime supporte les r\u00e9gimes sp\u00e9ciaux : horaires d\u2019\u00e9t\u00e9 et Ramadan. Vous pouvez aussi avoir des horaires de travail diff\u00e9rents selon les \u00e9quipes. Weentime utilise un algorithme intelligent de <strong>d\u00e9tection des heures supp<\/strong>. Par exemple, vous pouvez dire \u00e0 Weentime qu\u2019il faut au moins \u00bd heure pour comptabiliser des heures supp. Vous pouvez param\u00e9trer les coefficients de bonification par plage. Par exemple, le coefficient 1 pour les heures supp entre 18 heures et 20 heures ; 1,5 entre 20h et minuit ; Et fois 2 entre minuit et 7 heures du matin. Weentime propose d\u2019autres flexibilit\u00e9s de configuration utiles pour la d\u00e9tection et la valorisation des heures supp. Si vous ne souhaitez pas utiliser les pointeuses, vous pouvez g\u00e9rer les heures supp via un workflow semblable \u00e0 celui des demandes de cong\u00e9. L\u2019employ\u00e9 signale qu\u2019il a fait des heures supp. Son chef valide ou refuse.<\/p><p><strong>Le service RH<\/strong> peut approuver ou refuser \u00e0 son niveau. Weentime permet de<strong> payer les heures supp<\/strong> en envoyant les totaux mensuels \u00e0 votre<strong> logiciel de paie<\/strong>. Weentime permet aussi de compenser des heures supp par un repos au lieu de les payer. Weentime g\u00e8re pour vous le s<strong>olde du repos compensateur<\/strong>.&nbsp;<\/p><p><a href=\"https:\/\/youtube.com\/shorts\/JXez8MT03ac\" target=\"_blank\" rel=\"noopener\">https:\/\/youtube.com\/shorts\/JXez8MT03ac<\/a><\/p><\/div><\/div><\/div><\/div><\/div><\/div><\/div><\/div>","protected":false},"excerpt":{"rendered":"<p>Gestion des heures supp et repos compensateur Weentime offre un workflow complet pour la d\u00e9claration des heures suppl\u00e9mentaires, qui inclut la validation par le sup\u00e9rieur hi\u00e9rarchique et le service RH, ainsi que la possibilit\u00e9 de refus et d\u2019annulation. Le repos compensateur est g\u00e9r\u00e9 s\u00e9par\u00e9ment du solde de cong\u00e9, ce qui permet une gestion plus claire &hellip;<\/p>\n<p class=\"read-more\"> <a class=\"\" href=\"https:\/\/www.weentime.com\/en\/gestion-heures-supp-et-repos-compensateur\/\"> <span class=\"screen-reader-text\">Overtime and Compensatory Rest<\/span> Read More &raquo;<\/a><\/p>","protected":false},"author":2,"featured_media":0,"parent":0,"menu_order":0,"comment_status":"closed","ping_status":"closed","template":"","meta":{"site-sidebar-layout":"default","site-content-layout":"default","ast-global-header-display":"","ast-main-header-display":"","ast-hfb-above-header-display":"","ast-hfb-below-header-display":"","ast-hfb-mobile-header-display":"","site-post-title":"","ast-breadcrumbs-content":"","ast-featured-img":"","footer-sml-layout":"","theme-transparent-header-meta":"default","adv-header-id-meta":"","stick-header-meta":"","header-above-stick-meta":"","header-main-stick-meta":"","header-below-stick-meta":""},"yoast_head":"<!-- This site is optimized with the Yoast SEO plugin v20.2 - https:\/\/yoast.com\/wordpress\/plugins\/seo\/ -->\n<title>Heures Supp et Repos Compensateur -<\/title>\n<meta name=\"robots\" content=\"index, follow, max-snippet:-1, max-image-preview:large, max-video-preview:-1\" \/>\n<link rel=\"canonical\" href=\"https:\/\/www.weentime.com\/en\/gestion-heures-supp-et-repos-compensateur\/\" \/>\n<meta property=\"og:locale\" content=\"en_US\" \/>\n<meta property=\"og:type\" content=\"article\" \/>\n<meta property=\"og:title\" content=\"Heures Supp et Repos Compensateur -\" \/>\n<meta property=\"og:description\" content=\"Gestion des heures supp et repos compensateur Weentime offre un workflow complet pour la d\u00e9claration des heures suppl\u00e9mentaires, qui inclut la validation par le sup\u00e9rieur hi\u00e9rarchique et le service RH, ainsi que la possibilit\u00e9 de refus et d\u2019annulation. Le repos compensateur est g\u00e9r\u00e9 s\u00e9par\u00e9ment du solde de cong\u00e9, ce qui permet une gestion plus claire &hellip; Heures Supp et Repos Compensateur Read More &raquo;\" \/>\n<meta property=\"og:url\" content=\"https:\/\/www.weentime.com\/en\/gestion-heures-supp-et-repos-compensateur\/\" \/>\n<meta property=\"article:publisher\" content=\"https:\/\/www.facebook.com\/weentimerh\" \/>\n<meta property=\"article:modified_time\" content=\"2025-01-06T11:08:11+00:00\" \/>\n<meta name=\"twitter:card\" content=\"summary_large_image\" \/>\n<script type=\"application\/ld+json\" class=\"yoast-schema-graph\">{\"@context\":\"https:\/\/schema.org\",\"@graph\":[{\"@type\":\"WebPage\",\"@id\":\"https:\/\/www.weentime.com\/gestion-heures-supp-et-repos-compensateur\/\",\"url\":\"https:\/\/www.weentime.com\/gestion-heures-supp-et-repos-compensateur\/\",\"name\":\"Heures Supp et Repos Compensateur -\",\"isPartOf\":{\"@id\":\"https:\/\/www.weentime.com\/#website\"},\"datePublished\":\"2024-04-22T08:14:54+00:00\",\"dateModified\":\"2025-01-06T11:08:11+00:00\",\"breadcrumb\":{\"@id\":\"https:\/\/www.weentime.com\/gestion-heures-supp-et-repos-compensateur\/#breadcrumb\"},\"inLanguage\":\"en-US\",\"potentialAction\":[{\"@type\":\"ReadAction\",\"target\":[\"https:\/\/www.weentime.com\/gestion-heures-supp-et-repos-compensateur\/\"]}]},{\"@type\":\"BreadcrumbList\",\"@id\":\"https:\/\/www.weentime.com\/gestion-heures-supp-et-repos-compensateur\/#breadcrumb\",\"itemListElement\":[{\"@type\":\"ListItem\",\"position\":1,\"name\":\"Home\",\"item\":\"https:\/\/www.weentime.com\/\"},{\"@type\":\"ListItem\",\"position\":2,\"name\":\"Heures Supp et Repos Compensateur\"}]},{\"@type\":\"WebSite\",\"@id\":\"https:\/\/www.weentime.com\/#website\",\"url\":\"https:\/\/www.weentime.com\/\",\"name\":\"WEENTIME\",\"description\":\"Weentime | Solution SAAS\",\"publisher\":{\"@id\":\"https:\/\/www.weentime.com\/#organization\"},\"potentialAction\":[{\"@type\":\"SearchAction\",\"target\":{\"@type\":\"EntryPoint\",\"urlTemplate\":\"https:\/\/www.weentime.com\/?s={search_term_string}\"},\"query-input\":\"required name=search_term_string\"}],\"inLanguage\":\"en-US\"},{\"@type\":\"Organization\",\"@id\":\"https:\/\/www.weentime.com\/#organization\",\"name\":\"WEENTIME\",\"url\":\"https:\/\/www.weentime.com\/\",\"logo\":{\"@type\":\"ImageObject\",\"inLanguage\":\"en-US\",\"@id\":\"https:\/\/www.weentime.com\/#\/schema\/logo\/image\/\",\"url\":\"https:\/\/www.weentime.com\/wp-content\/uploads\/2022\/08\/cropped-logo-weentime.png\",\"contentUrl\":\"https:\/\/www.weentime.com\/wp-content\/uploads\/2022\/08\/cropped-logo-weentime.png\",\"width\":298,\"height\":62,\"caption\":\"WEENTIME\"},\"image\":{\"@id\":\"https:\/\/www.weentime.com\/#\/schema\/logo\/image\/\"},\"sameAs\":[\"https:\/\/www.facebook.com\/weentimerh\",\"https:\/\/www.linkedin.com\/company\/weentime\/\"]}]}<\/script>\n<!-- \/ Yoast SEO plugin. -->","yoast_head_json":{"title":"Heures Supp et Repos Compensateur -","robots":{"index":"index","follow":"follow","max-snippet":"max-snippet:-1","max-image-preview":"max-image-preview:large","max-video-preview":"max-video-preview:-1"},"canonical":"https:\/\/www.weentime.com\/en\/gestion-heures-supp-et-repos-compensateur\/","og_locale":"en_US","og_type":"article","og_title":"Heures Supp et Repos Compensateur -","og_description":"Gestion des heures supp et repos compensateur Weentime offre un workflow complet pour la d\u00e9claration des heures suppl\u00e9mentaires, qui inclut la validation par le sup\u00e9rieur hi\u00e9rarchique et le service RH, ainsi que la possibilit\u00e9 de refus et d\u2019annulation. Le repos compensateur est g\u00e9r\u00e9 s\u00e9par\u00e9ment du solde de cong\u00e9, ce qui permet une gestion plus claire &hellip; Heures Supp et Repos Compensateur Read More &raquo;","og_url":"https:\/\/www.weentime.com\/en\/gestion-heures-supp-et-repos-compensateur\/","article_publisher":"https:\/\/www.facebook.com\/weentimerh","article_modified_time":"2025-01-06T11:08:11+00:00","twitter_card":"summary_large_image","schema":{"@context":"https:\/\/schema.org","@graph":[{"@type":"WebPage","@id":"https:\/\/www.weentime.com\/gestion-heures-supp-et-repos-compensateur\/","url":"https:\/\/www.weentime.com\/gestion-heures-supp-et-repos-compensateur\/","name":"Heures Supp et Repos Compensateur -","isPartOf":{"@id":"https:\/\/www.weentime.com\/#website"},"datePublished":"2024-04-22T08:14:54+00:00","dateModified":"2025-01-06T11:08:11+00:00","breadcrumb":{"@id":"https:\/\/www.weentime.com\/gestion-heures-supp-et-repos-compensateur\/#breadcrumb"},"inLanguage":"en-US","potentialAction":[{"@type":"ReadAction","target":["https:\/\/www.weentime.com\/gestion-heures-supp-et-repos-compensateur\/"]}]},{"@type":"BreadcrumbList","@id":"https:\/\/www.weentime.com\/gestion-heures-supp-et-repos-compensateur\/#breadcrumb","itemListElement":[{"@type":"ListItem","position":1,"name":"Home","item":"https:\/\/www.weentime.com\/"},{"@type":"ListItem","position":2,"name":"Heures Supp et Repos Compensateur"}]},{"@type":"WebSite","@id":"https:\/\/www.weentime.com\/#website","url":"https:\/\/www.weentime.com\/","name":"WEENTIME","description":"Weentime | Solution SAAS","publisher":{"@id":"https:\/\/www.weentime.com\/#organization"},"potentialAction":[{"@type":"SearchAction","target":{"@type":"EntryPoint","urlTemplate":"https:\/\/www.weentime.com\/?s={search_term_string}"},"query-input":"required name=search_term_string"}],"inLanguage":"en-US"},{"@type":"Organization","@id":"https:\/\/www.weentime.com\/#organization","name":"WEENTIME","url":"https:\/\/www.weentime.com\/","logo":{"@type":"ImageObject","inLanguage":"en-US","@id":"https:\/\/www.weentime.com\/#\/schema\/logo\/image\/","url":"https:\/\/www.weentime.com\/wp-content\/uploads\/2022\/08\/cropped-logo-weentime.png","contentUrl":"https:\/\/www.weentime.com\/wp-content\/uploads\/2022\/08\/cropped-logo-weentime.png","width":298,"height":62,"caption":"WEENTIME"},"image":{"@id":"https:\/\/www.weentime.com\/#\/schema\/logo\/image\/"},"sameAs":["https:\/\/www.facebook.com\/weentimerh","https:\/\/www.linkedin.com\/company\/weentime\/"]}]}},"_links":{"self":[{"href":"https:\/\/www.weentime.com\/en\/wp-json\/wp\/v2\/pages\/1527"}],"collection":[{"href":"https:\/\/www.weentime.com\/en\/wp-json\/wp\/v2\/pages"}],"about":[{"href":"https:\/\/www.weentime.com\/en\/wp-json\/wp\/v2\/types\/page"}],"author":[{"embeddable":true,"href":"https:\/\/www.weentime.com\/en\/wp-json\/wp\/v2\/users\/2"}],"replies":[{"embeddable":true,"href":"https:\/\/www.weentime.com\/en\/wp-json\/wp\/v2\/comments?post=1527"}],"version-history":[{"count":15,"href":"https:\/\/www.weentime.com\/en\/wp-json\/wp\/v2\/pages\/1527\/revisions"}],"predecessor-version":[{"id":1660,"href":"https:\/\/www.weentime.com\/en\/wp-json\/wp\/v2\/pages\/1527\/revisions\/1660"}],"wp:attachment":[{"href":"https:\/\/www.weentime.com\/en\/wp-json\/wp\/v2\/media?parent=1527"}],"curies":[{"name":"wp","href":"https:\/\/api.w.org\/{rel}","templated":true}]}}