{"id":130,"date":"2022-06-16T15:43:28","date_gmt":"2022-06-16T15:43:28","guid":{"rendered":"http:\/\/localhost\/weentime\/?page_id=130"},"modified":"2024-06-28T09:26:49","modified_gmt":"2024-06-28T09:26:49","slug":"retards","status":"publish","type":"page","link":"https:\/\/www.weentime.com\/en\/retards\/","title":{"rendered":"Tardiness and Office Exit"},"content":{"rendered":"<div class=\"vce-row-container\" data-vce-boxed-width=\"true\"><div class=\"vce-row vce-row--col-gap-30 vce-row-equal-height vce-row-content--top\" id=\"el-311f3f3e\" data-vce-do-apply=\"all el-311f3f3e\"><div class=\"vce-row-content\" data-vce-element-content=\"true\"><div class=\"vce-col vce-col--md-auto vce-col--xs-1 vce-col--xs-last vce-col--xs-first vce-col--sm-last vce-col--sm-first vce-col--md-last vce-col--lg-last vce-col--xl-last vce-col--md-first vce-col--lg-first vce-col--xl-first\" id=\"el-f89a3c98\"><div class=\"vce-col-inner\" data-vce-do-apply=\"border margin background  el-f89a3c98\"><div class=\"vce-col-content\" data-vce-element-content=\"true\" data-vce-do-apply=\"padding el-f89a3c98\"><div class=\"vce-text-block\"><div class=\"vce-text-block-wrapper vce\" id=\"el-ebf400df\" data-vce-do-apply=\"all el-ebf400df\"><p align=\"justify\"><span style=\"font-size: medium;\">Avec Weentime vous n\u2019avez plus de soucis de suivi des retards des employ\u00e9s<\/span><\/p><\/div><\/div><div class=\"vce-text-block\"><div class=\"vce-text-block-wrapper vce\" id=\"el-6ed28c76\" data-vce-do-apply=\"all el-6ed28c76\"><h2><span style=\"font-size: 14pt;\">Solution de gestion des&nbsp; retards et absences des employ\u00e9s : Comment notre solution peut r\u00e9soudre ce d\u00e9fi<\/span><\/h2><\/div><\/div><\/div><\/div><\/div><\/div><\/div><\/div><div class=\"vce-row-container\" data-vce-boxed-width=\"true\"><div class=\"vce-row vce-row--col-gap-30 vce-row-equal-height vce-row-content--top\" id=\"el-ae66a3f8\" data-vce-do-apply=\"all el-ae66a3f8\"><div class=\"vce-row-content\" data-vce-element-content=\"true\"><div class=\"vce-col vce-col--md-auto vce-col--xs-1 vce-col--xs-last vce-col--xs-first vce-col--sm-last vce-col--sm-first vce-col--md-last vce-col--lg-last vce-col--xl-last vce-col--md-first vce-col--lg-first vce-col--xl-first\" id=\"el-c8885c76\"><div class=\"vce-col-inner\" data-vce-do-apply=\"border margin background  el-c8885c76\"><div class=\"vce-col-content\" data-vce-element-content=\"true\" data-vce-do-apply=\"padding el-c8885c76\"><div class=\"vce vce-separator-container vce-separator--align-center vce-separator--style-solid\" id=\"el-5ad62f3b\" data-vce-do-apply=\"margin el-5ad62f3b\"><div class=\"vce-separator vce-separator--color-bfc0c1 vce-separator--width-60 vce-separator--thickness-1\" data-vce-do-apply=\"border padding background  el-5ad62f3b\"><\/div><\/div><\/div><\/div><\/div><\/div><\/div><\/div><div class=\"vce-row-container\" data-vce-boxed-width=\"true\"><div class=\"vce-row vce-row--col-gap-30 vce-row-equal-height vce-row-content--top\" id=\"el-c374453b\" data-vce-do-apply=\"all el-c374453b\"><div class=\"vce-row-content\" data-vce-element-content=\"true\"><div class=\"vce-col vce-col--md-auto vce-col--xs-1 vce-col--xs-last vce-col--xs-first vce-col--sm-last vce-col--sm-first vce-col--md-first vce-col--lg-first vce-col--xl-first\" id=\"el-df708d70\"><div class=\"vce-col-inner\" data-vce-do-apply=\"border margin background  el-df708d70\"><div class=\"vce-col-content\" data-vce-element-content=\"true\" data-vce-do-apply=\"padding el-df708d70\"><div class=\"vce-text-block\"><div class=\"vce-text-block-wrapper vce\" id=\"el-e5833cf7\" data-vce-do-apply=\"all el-e5833cf7\"><h2>Logiciel de gestion des absences avec Signalement des retards :<\/h2><p align=\"justify\"><span style=\"font-size: medium;\"><strong>Le signalement d\u2019un retard<\/strong> peut se faire par l\u2019employ\u00e9 lui-m\u00eame, par un sup\u00e9rieur hi\u00e9rarchique ou par le service en charge des ressources humaines. Constater un retard se fait tr\u00e8s rapidement en quelques clics. Cela permet <strong>de tracer dans le syst\u00e8me,<\/strong> tout retard que ce soit en d\u00e9but de matin\u00e9e ou bien en d\u00e9but d\u2019apr\u00e8s-midi si votre soci\u00e9t\u00e9 fonctionne avec des horaires en double s\u00e9ance.<\/span><\/p><p align=\"justify\">&nbsp;<\/p><\/div><\/div><\/div><\/div><\/div><div class=\"vce-col vce-col--md-auto vce-col--xs-1 vce-col--xs-last vce-col--xs-first vce-col--sm-last vce-col--sm-first\" id=\"el-e6f7741f\"><div class=\"vce-col-inner\" data-vce-do-apply=\"border margin background  el-e6f7741f\"><div class=\"vce-col-content\" data-vce-element-content=\"true\" data-vce-do-apply=\"padding el-e6f7741f\"><div class=\"vce-text-block\"><div class=\"vce-text-block-wrapper vce\" id=\"el-301c544f\" data-vce-do-apply=\"all el-301c544f\"><h2>Logiciel des cong\u00e9s qui propose l'Imputation des retards<\/h2><p align=\"justify\"><span style=\"font-size: medium;\">Weentime propose <strong>un syst\u00e8me d\u2019imputation assist\u00e9e des retards<\/strong> afin de les <strong>comptabiliser sur le solde de cong\u00e9s<\/strong> et\/ou de <strong>signaler une compensation du retard.<\/strong> The <strong>comptabilisation sur le solde de cong\u00e9<\/strong> peut se faire unitairement pour un retard ou bien par lot pour tous les retards d\u2019une p\u00e9riode donn\u00e9e. Weentime garde l\u2019historique et toutes les informations ayant provoqu\u00e9 la modification du <strong>solde de cong\u00e9<\/strong> pour motif de retard. Weentime permet aussi de constater la compensation d\u2019un retard par l\u2019employ\u00e9 concern\u00e9, que ce soit par le prolongement de la journ\u00e9e ou par un travail compl\u00e9mentaire durant une autre journ\u00e9e.<\/span><\/p><p align=\"justify\">&nbsp;<\/p><\/div><\/div><\/div><\/div><\/div><div class=\"vce-col vce-col--md-auto vce-col--xs-1 vce-col--xs-last vce-col--xs-first vce-col--sm-last vce-col--sm-first vce-col--md-last vce-col--lg-last vce-col--xl-last\" id=\"el-a12e790a\"><div class=\"vce-col-inner\" data-vce-do-apply=\"border margin background  el-a12e790a\"><div class=\"vce-col-content\" data-vce-element-content=\"true\" data-vce-do-apply=\"padding el-a12e790a\"><div class=\"vce-text-block\"><div class=\"vce-text-block-wrapper vce\" id=\"el-310a8373\" data-vce-do-apply=\"all el-310a8373\"><h2>Logiciel cong\u00e9s avec Notifications des retards<\/h2><p><span style=\"font-size: medium;\">En plus de la disponibilit\u00e9 de l\u2019information au sujet des retards \u00e0 travers l\u2019application, Weentime <strong>g\u00e9n\u00e8re automatiquement des notifications<\/strong> destin\u00e9es aux sup\u00e9rieurs hi\u00e9rarchiques. Ainsi, le chef d\u2019une \u00e9quipe ou encore le chef de l\u2019entreprise est notifi\u00e9 imm\u00e9diatement d\u00e8s qu\u2019<strong>un retard est signal\u00e9<\/strong>. Ces notifications sont tr\u00e8s pr\u00e9cieuses et \u00e9vitent souvent d\u2019avoir \u00e0 g\u00e9rer des situations d\u00e9sagr\u00e9ables pour les clients et\/ou des perturbations de l\u2019activit\u00e9 dues \u00e0 un manque d\u2019information sur le personnel en retard.<\/span><\/p><\/div><\/div><\/div><\/div><\/div><\/div><\/div><\/div><div class=\"vce-row-container\" data-vce-boxed-width=\"true\"><div class=\"vce-row vce-row--col-gap-30 vce-row-equal-height vce-row-content--top\" id=\"el-af914edf\" data-vce-do-apply=\"all el-af914edf\"><div class=\"vce-row-content\" data-vce-element-content=\"true\"><div class=\"vce-col vce-col--md-auto vce-col--xs-1 vce-col--xs-last vce-col--xs-first vce-col--sm-last vce-col--sm-first vce-col--md-last vce-col--lg-last vce-col--xl-last vce-col--md-first vce-col--lg-first vce-col--xl-first\" id=\"el-60d6e365\"><div class=\"vce-col-inner\" data-vce-do-apply=\"border margin background  el-60d6e365\"><div class=\"vce-col-content\" data-vce-element-content=\"true\" data-vce-do-apply=\"padding el-60d6e365\"><div class=\"vce-button--style-basic-container vce-button--style-basic-container--align-left\"><span class=\"vce-button--style-basic-wrapper vce\" id=\"el-2a035bb9\" data-vce-do-apply=\"margin el-2a035bb9\"><a class=\"vce-button vce-button--style-basic vce-button--style-basic--border-square vce-button--style-basic--size-medium vce-button--style-basic--color-557cbf--fff\" href=\"https:\/\/app.weentime.com\/fr\/inscription\" title=\"solution de gestion des retards \" data-vce-do-apply=\"padding border background  el-2a035bb9\">D\u00e9marrez un essai gratuit<\/a><\/span><\/div><\/div><\/div><\/div><\/div><\/div><\/div>","protected":false},"excerpt":{"rendered":"<p>Avec Weentime vous n\u2019avez plus de soucis de suivi des retards des employ\u00e9sSolution de gestion des&nbsp; retards et absences des employ\u00e9s : Comment notre solution peut r\u00e9soudre ce d\u00e9fiLogiciel de gestion des absences avec Signalement des retards :Le signalement d\u2019un retard peut se faire par l\u2019employ\u00e9 lui-m\u00eame, par un sup\u00e9rieur hi\u00e9rarchique ou par le service &hellip;<\/p>\n<p class=\"read-more\"> <a class=\"\" href=\"https:\/\/www.weentime.com\/en\/retards\/\"> <span class=\"screen-reader-text\">Tardiness and Office Exit<\/span> Read More &raquo;<\/a><\/p>","protected":false},"author":1,"featured_media":0,"parent":0,"menu_order":0,"comment_status":"closed","ping_status":"closed","template":"","meta":{"site-sidebar-layout":"default","site-content-layout":"default","ast-global-header-display":"","ast-main-header-display":"","ast-hfb-above-header-display":"","ast-hfb-below-header-display":"","ast-hfb-mobile-header-display":"","site-post-title":"","ast-breadcrumbs-content":"","ast-featured-img":"","footer-sml-layout":"","theme-transparent-header-meta":"default","adv-header-id-meta":"","stick-header-meta":"","header-above-stick-meta":"","header-main-stick-meta":"","header-below-stick-meta":""},"yoast_head":"<!-- This site is optimized with the Yoast SEO plugin v20.2 - https:\/\/yoast.com\/wordpress\/plugins\/seo\/ -->\n<title>Logiciel Suivi des Retards et Absences des Employ\u00e9s - Weentime<\/title>\n<meta name=\"description\" content=\"Weentime un logiciel id\u00e9al pour suivre les retards et les absences des employ\u00e9s, g\u00e9rez facilement les donn\u00e9es de pr\u00e9sence et de cong\u00e9.\" \/>\n<meta name=\"robots\" content=\"index, follow, max-snippet:-1, max-image-preview:large, max-video-preview:-1\" \/>\n<link rel=\"canonical\" href=\"https:\/\/www.weentime.com\/en\/retards\/\" \/>\n<meta property=\"og:locale\" content=\"en_US\" \/>\n<meta property=\"og:type\" content=\"article\" \/>\n<meta property=\"og:title\" content=\"Logiciel Suivi des Retards et Absences des Employ\u00e9s - Weentime\" \/>\n<meta property=\"og:description\" content=\"Weentime un logiciel id\u00e9al pour suivre les retards et les absences des employ\u00e9s, g\u00e9rez facilement les donn\u00e9es de pr\u00e9sence et de cong\u00e9.\" \/>\n<meta property=\"og:url\" content=\"https:\/\/www.weentime.com\/en\/retards\/\" \/>\n<meta property=\"article:publisher\" content=\"https:\/\/www.facebook.com\/weentimerh\" \/>\n<meta property=\"article:modified_time\" content=\"2024-06-28T09:26:49+00:00\" \/>\n<meta name=\"twitter:card\" content=\"summary_large_image\" \/>\n<meta name=\"twitter:label1\" content=\"Est. reading time\" \/>\n\t<meta name=\"twitter:data1\" content=\"2 minutes\" \/>\n<script type=\"application\/ld+json\" class=\"yoast-schema-graph\">{\"@context\":\"https:\/\/schema.org\",\"@graph\":[{\"@type\":\"WebPage\",\"@id\":\"https:\/\/www.weentime.com\/retards\/\",\"url\":\"https:\/\/www.weentime.com\/retards\/\",\"name\":\"Logiciel Suivi des Retards et Absences des Employ\u00e9s - Weentime\",\"isPartOf\":{\"@id\":\"https:\/\/www.weentime.com\/#website\"},\"datePublished\":\"2022-06-16T15:43:28+00:00\",\"dateModified\":\"2024-06-28T09:26:49+00:00\",\"description\":\"Weentime un logiciel id\u00e9al pour suivre les retards et les absences des employ\u00e9s, g\u00e9rez facilement les donn\u00e9es de pr\u00e9sence et de cong\u00e9.\",\"breadcrumb\":{\"@id\":\"https:\/\/www.weentime.com\/retards\/#breadcrumb\"},\"inLanguage\":\"en-US\",\"potentialAction\":[{\"@type\":\"ReadAction\",\"target\":[\"https:\/\/www.weentime.com\/retards\/\"]}]},{\"@type\":\"BreadcrumbList\",\"@id\":\"https:\/\/www.weentime.com\/retards\/#breadcrumb\",\"itemListElement\":[{\"@type\":\"ListItem\",\"position\":1,\"name\":\"Home\",\"item\":\"https:\/\/www.weentime.com\/\"},{\"@type\":\"ListItem\",\"position\":2,\"name\":\"Retards et sortie de bureau\"}]},{\"@type\":\"WebSite\",\"@id\":\"https:\/\/www.weentime.com\/#website\",\"url\":\"https:\/\/www.weentime.com\/\",\"name\":\"WEENTIME\",\"description\":\"Weentime | Solution SAAS\",\"publisher\":{\"@id\":\"https:\/\/www.weentime.com\/#organization\"},\"potentialAction\":[{\"@type\":\"SearchAction\",\"target\":{\"@type\":\"EntryPoint\",\"urlTemplate\":\"https:\/\/www.weentime.com\/?s={search_term_string}\"},\"query-input\":\"required name=search_term_string\"}],\"inLanguage\":\"en-US\"},{\"@type\":\"Organization\",\"@id\":\"https:\/\/www.weentime.com\/#organization\",\"name\":\"WEENTIME\",\"url\":\"https:\/\/www.weentime.com\/\",\"logo\":{\"@type\":\"ImageObject\",\"inLanguage\":\"en-US\",\"@id\":\"https:\/\/www.weentime.com\/#\/schema\/logo\/image\/\",\"url\":\"https:\/\/www.weentime.com\/wp-content\/uploads\/2022\/08\/cropped-logo-weentime.png\",\"contentUrl\":\"https:\/\/www.weentime.com\/wp-content\/uploads\/2022\/08\/cropped-logo-weentime.png\",\"width\":298,\"height\":62,\"caption\":\"WEENTIME\"},\"image\":{\"@id\":\"https:\/\/www.weentime.com\/#\/schema\/logo\/image\/\"},\"sameAs\":[\"https:\/\/www.facebook.com\/weentimerh\",\"https:\/\/www.linkedin.com\/company\/weentime\/\"]}]}<\/script>\n<!-- \/ Yoast SEO plugin. -->","yoast_head_json":{"title":"Logiciel Suivi des Retards et Absences des Employ\u00e9s - Weentime","description":"Weentime un logiciel id\u00e9al pour suivre les retards et les absences des employ\u00e9s, g\u00e9rez facilement les donn\u00e9es de pr\u00e9sence et de cong\u00e9.","robots":{"index":"index","follow":"follow","max-snippet":"max-snippet:-1","max-image-preview":"max-image-preview:large","max-video-preview":"max-video-preview:-1"},"canonical":"https:\/\/www.weentime.com\/en\/retards\/","og_locale":"en_US","og_type":"article","og_title":"Logiciel Suivi des Retards et Absences des Employ\u00e9s - Weentime","og_description":"Weentime un logiciel id\u00e9al pour suivre les retards et les absences des employ\u00e9s, g\u00e9rez facilement les donn\u00e9es de pr\u00e9sence et de cong\u00e9.","og_url":"https:\/\/www.weentime.com\/en\/retards\/","article_publisher":"https:\/\/www.facebook.com\/weentimerh","article_modified_time":"2024-06-28T09:26:49+00:00","twitter_card":"summary_large_image","twitter_misc":{"Est. reading time":"2 minutes"},"schema":{"@context":"https:\/\/schema.org","@graph":[{"@type":"WebPage","@id":"https:\/\/www.weentime.com\/retards\/","url":"https:\/\/www.weentime.com\/retards\/","name":"Logiciel Suivi des Retards et Absences des Employ\u00e9s - Weentime","isPartOf":{"@id":"https:\/\/www.weentime.com\/#website"},"datePublished":"2022-06-16T15:43:28+00:00","dateModified":"2024-06-28T09:26:49+00:00","description":"Weentime un logiciel id\u00e9al pour suivre les retards et les absences des employ\u00e9s, g\u00e9rez facilement les donn\u00e9es de pr\u00e9sence et de cong\u00e9.","breadcrumb":{"@id":"https:\/\/www.weentime.com\/retards\/#breadcrumb"},"inLanguage":"en-US","potentialAction":[{"@type":"ReadAction","target":["https:\/\/www.weentime.com\/retards\/"]}]},{"@type":"BreadcrumbList","@id":"https:\/\/www.weentime.com\/retards\/#breadcrumb","itemListElement":[{"@type":"ListItem","position":1,"name":"Home","item":"https:\/\/www.weentime.com\/"},{"@type":"ListItem","position":2,"name":"Retards et sortie de bureau"}]},{"@type":"WebSite","@id":"https:\/\/www.weentime.com\/#website","url":"https:\/\/www.weentime.com\/","name":"WEENTIME","description":"Weentime | Solution SAAS","publisher":{"@id":"https:\/\/www.weentime.com\/#organization"},"potentialAction":[{"@type":"SearchAction","target":{"@type":"EntryPoint","urlTemplate":"https:\/\/www.weentime.com\/?s={search_term_string}"},"query-input":"required name=search_term_string"}],"inLanguage":"en-US"},{"@type":"Organization","@id":"https:\/\/www.weentime.com\/#organization","name":"WEENTIME","url":"https:\/\/www.weentime.com\/","logo":{"@type":"ImageObject","inLanguage":"en-US","@id":"https:\/\/www.weentime.com\/#\/schema\/logo\/image\/","url":"https:\/\/www.weentime.com\/wp-content\/uploads\/2022\/08\/cropped-logo-weentime.png","contentUrl":"https:\/\/www.weentime.com\/wp-content\/uploads\/2022\/08\/cropped-logo-weentime.png","width":298,"height":62,"caption":"WEENTIME"},"image":{"@id":"https:\/\/www.weentime.com\/#\/schema\/logo\/image\/"},"sameAs":["https:\/\/www.facebook.com\/weentimerh","https:\/\/www.linkedin.com\/company\/weentime\/"]}]}},"_links":{"self":[{"href":"https:\/\/www.weentime.com\/en\/wp-json\/wp\/v2\/pages\/130"}],"collection":[{"href":"https:\/\/www.weentime.com\/en\/wp-json\/wp\/v2\/pages"}],"about":[{"href":"https:\/\/www.weentime.com\/en\/wp-json\/wp\/v2\/types\/page"}],"author":[{"embeddable":true,"href":"https:\/\/www.weentime.com\/en\/wp-json\/wp\/v2\/users\/1"}],"replies":[{"embeddable":true,"href":"https:\/\/www.weentime.com\/en\/wp-json\/wp\/v2\/comments?post=130"}],"version-history":[{"count":19,"href":"https:\/\/www.weentime.com\/en\/wp-json\/wp\/v2\/pages\/130\/revisions"}],"predecessor-version":[{"id":1602,"href":"https:\/\/www.weentime.com\/en\/wp-json\/wp\/v2\/pages\/130\/revisions\/1602"}],"wp:attachment":[{"href":"https:\/\/www.weentime.com\/en\/wp-json\/wp\/v2\/media?parent=130"}],"curies":[{"name":"wp","href":"https:\/\/api.w.org\/{rel}","templated":true}]}}