{"id":128,"date":"2022-06-16T15:43:13","date_gmt":"2022-06-16T15:43:13","guid":{"rendered":"http:\/\/localhost\/weentime\/?page_id=128"},"modified":"2023-08-31T12:29:30","modified_gmt":"2023-08-31T12:29:30","slug":"sorties","status":"publish","type":"page","link":"https:\/\/www.weentime.com\/en\/sorties\/","title":{"rendered":"Emergency exit management"},"content":{"rendered":"<div class=\"vce-row-container\" data-vce-boxed-width=\"true\"><div class=\"vce-row vce-row--col-gap-30 vce-row-equal-height vce-row-content--top\" id=\"el-c0e5910d\" data-vce-do-apply=\"all el-c0e5910d\"><div class=\"vce-row-content\" data-vce-element-content=\"true\"><div class=\"vce-col vce-col--md-auto vce-col--xs-1 vce-col--xs-last vce-col--xs-first vce-col--sm-last vce-col--sm-first vce-col--md-last vce-col--lg-last vce-col--xl-last vce-col--md-first vce-col--lg-first vce-col--xl-first\" id=\"el-77053503\"><div class=\"vce-col-inner\" data-vce-do-apply=\"border margin background  el-77053503\"><div class=\"vce-col-content\" data-vce-element-content=\"true\" data-vce-do-apply=\"padding el-77053503\"><div class=\"vce-text-block\"><div class=\"vce-text-block-wrapper vce\" id=\"el-ae82f9b0\" data-vce-do-apply=\"all el-ae82f9b0\"><p align=\"justify\"><span style=\"font-size: medium;\">Les PMEs comme les micro-entreprises souffrent souvent d\u2019un probl\u00e8me de ma\u00eetrise des sorties des employ\u00e9s durant les horaires de travail. En effet, il est tout \u00e0 fait normal et courant qu\u2019un employ\u00e9 demande \u00e0 son chef une autorisation pour une sortie urgente. Mais sans outil ad\u00e9quat, c\u2019est tr\u00e8s compliqu\u00e9 de ma\u00eetriser ces demandes de sortie. Weentime permet de r\u00e9soudre tous ces probl\u00e8mes sans aucun investissement de la part de la soci\u00e9t\u00e9.<\/span><\/p><p align=\"justify\"><span style=\"font-size: medium;\">Ainsi, Weentime permet de tracer toutes les sorties demand\u00e9es par les employ\u00e9s. Que ce soir pour 15 minutes ou pour 2 heures, Weentime vous permet de disposer de l\u2019information pr\u00e9cise et de comptabiliser ensuite ces sorties, si vous le souhaitez, sur le solde de cong\u00e9 de l\u2019employ\u00e9. Les fonctions d\u2019imputation des sorties sur le cong\u00e9 et les fonctions de compensation par un travail additionnel sont semblables aux fonctionnalit\u00e9s de gestion des retards. Toutefois les demandes d\u2019autorisation de sorties ont leurs propres sp\u00e9cificit\u00e9s. En effet, un retard se constate une fois l\u2019employ\u00e9 est d\u00e9j\u00e0 en retard, par contre les sorties font l\u2019objet d\u2019une demande par l\u2019employ\u00e9 \u00e0 l\u2019avance et peuvent \u00eatre g\u00e9r\u00e9es par un processus de validation pr\u00e9alable par la hi\u00e9rarchie de l\u2019employ\u00e9 qui peut accepter comme elle peut refuser la demande.<\/span><\/p><p align=\"justify\"><span style=\"font-size: medium;\">A&nbsp;l\u2019instar de la gestion des demandes de cong\u00e9s, la gestion des demandes d\u2019autorisations de sorties peut se faire avec Weentime soit dans un mode de travail collaboratif, soit dans un mode de gestion simplifi\u00e9e ou encore un mode hybride combinant les deux (<\/span><em><strong><span style=\"font-size: medium;\">cliquer ici pour plus de d\u00e9tails sur ces modes<\/span><\/strong><\/em><span style=\"font-size: medium;\">).<\/span><\/p><p align=\"justify\"><span style=\"font-size: medium;\">Le syst\u00e8me de notification de Weentime est \u00e9galement mis en \u0153uvre pour les autorisations de sortie afin de fluidifier la circulation de l\u2019information au sein de la soci\u00e9t\u00e9.<\/span><\/p><\/div><\/div><\/div><\/div><\/div><\/div><\/div><\/div><div class=\"vce-row-container\" data-vce-boxed-width=\"true\"><div class=\"vce-row vce-row--col-gap-30 vce-row-equal-height vce-row-content--top\" id=\"el-e1f04917\" data-vce-do-apply=\"all el-e1f04917\"><div class=\"vce-row-content\" data-vce-element-content=\"true\"><div class=\"vce-col vce-col--md-auto vce-col--xs-1 vce-col--xs-last vce-col--xs-first vce-col--sm-last vce-col--sm-first vce-col--md-last vce-col--lg-last vce-col--xl-last vce-col--md-first vce-col--lg-first vce-col--xl-first\" id=\"el-d9cae0c4\"><div class=\"vce-col-inner\" data-vce-do-apply=\"border margin background  el-d9cae0c4\"><div class=\"vce-col-content\" data-vce-element-content=\"true\" data-vce-do-apply=\"padding el-d9cae0c4\"><div class=\"vce-button--style-basic-container vce-button--style-basic-container--align-left\"><span class=\"vce-button--style-basic-wrapper vce\" id=\"el-6d688a4c\" data-vce-do-apply=\"margin el-6d688a4c\"><a class=\"vce-button vce-button--style-basic vce-button--style-basic--border-rounded vce-button--style-basic--size-medium vce-button--style-basic--color-b-75-184-231--fff\" href=\"https:\/\/app.weentime.com\/fr\/inscription\" title=\"sorties urgentes bureau logiciel\" target=\"_blank\" data-vce-do-apply=\"padding border background  el-6d688a4c\" rel=\"noopener\">D\u00e9marrez un essai gratuit maintenant<\/a><\/span><\/div><\/div><\/div><\/div><\/div><\/div><\/div>","protected":false},"excerpt":{"rendered":"<p>Les PMEs comme les micro-entreprises souffrent souvent d\u2019un probl\u00e8me de ma\u00eetrise des sorties des employ\u00e9s durant les horaires de travail. En effet, il est tout \u00e0 fait normal et courant qu\u2019un employ\u00e9 demande \u00e0 son chef une autorisation pour une sortie urgente. Mais sans outil ad\u00e9quat, c\u2019est tr\u00e8s compliqu\u00e9 de ma\u00eetriser ces demandes de sortie. &hellip;<\/p>\n<p class=\"read-more\"> <a class=\"\" href=\"https:\/\/www.weentime.com\/en\/sorties\/\"> <span class=\"screen-reader-text\">Emergency exit management<\/span> Read More &raquo;<\/a><\/p>","protected":false},"author":1,"featured_media":0,"parent":0,"menu_order":0,"comment_status":"closed","ping_status":"closed","template":"","meta":{"site-sidebar-layout":"default","site-content-layout":"default","ast-global-header-display":"","ast-main-header-display":"","ast-hfb-above-header-display":"","ast-hfb-below-header-display":"","ast-hfb-mobile-header-display":"","site-post-title":"","ast-breadcrumbs-content":"","ast-featured-img":"","footer-sml-layout":"","theme-transparent-header-meta":"default","adv-header-id-meta":"","stick-header-meta":"","header-above-stick-meta":"","header-main-stick-meta":"","header-below-stick-meta":""},"yoast_head":"<!-- This site is optimized with the Yoast SEO plugin v20.2 - https:\/\/yoast.com\/wordpress\/plugins\/seo\/ -->\n<title>Logiciels de Suivi des Cong\u00e9s et Autorisation de Sortie - Weentime<\/title>\n<meta name=\"description\" content=\"Weentime un logiciel qui aide \u00e0 g\u00e9rer la pr\u00e9senece et les cong\u00e9s, facilite la gestion des autorisations de sorties urgentes des vos employ\u00e9s.\" \/>\n<meta name=\"robots\" content=\"index, follow, max-snippet:-1, max-image-preview:large, max-video-preview:-1\" \/>\n<link rel=\"canonical\" href=\"https:\/\/www.weentime.com\/en\/sorties\/\" \/>\n<meta property=\"og:locale\" content=\"en_US\" \/>\n<meta property=\"og:type\" content=\"article\" \/>\n<meta property=\"og:title\" content=\"Logiciels de Suivi des Cong\u00e9s et Autorisation de Sortie - Weentime\" \/>\n<meta property=\"og:description\" content=\"Weentime un logiciel qui aide \u00e0 g\u00e9rer la pr\u00e9senece et les cong\u00e9s, facilite la gestion des autorisations de sorties urgentes des vos employ\u00e9s.\" \/>\n<meta property=\"og:url\" content=\"https:\/\/www.weentime.com\/en\/sorties\/\" \/>\n<meta property=\"article:publisher\" content=\"https:\/\/www.facebook.com\/weentimerh\" \/>\n<meta property=\"article:modified_time\" content=\"2023-08-31T12:29:30+00:00\" \/>\n<meta name=\"twitter:card\" content=\"summary_large_image\" \/>\n<meta name=\"twitter:label1\" content=\"Est. reading time\" \/>\n\t<meta name=\"twitter:data1\" content=\"2 minutes\" \/>\n<script type=\"application\/ld+json\" class=\"yoast-schema-graph\">{\"@context\":\"https:\/\/schema.org\",\"@graph\":[{\"@type\":\"WebPage\",\"@id\":\"https:\/\/www.weentime.com\/sorties\/\",\"url\":\"https:\/\/www.weentime.com\/sorties\/\",\"name\":\"Logiciels de Suivi des Cong\u00e9s et Autorisation de Sortie - Weentime\",\"isPartOf\":{\"@id\":\"https:\/\/www.weentime.com\/#website\"},\"datePublished\":\"2022-06-16T15:43:13+00:00\",\"dateModified\":\"2023-08-31T12:29:30+00:00\",\"description\":\"Weentime un logiciel qui aide \u00e0 g\u00e9rer la pr\u00e9senece et les cong\u00e9s, facilite la gestion des autorisations de sorties urgentes des vos employ\u00e9s.\",\"breadcrumb\":{\"@id\":\"https:\/\/www.weentime.com\/sorties\/#breadcrumb\"},\"inLanguage\":\"en-US\",\"potentialAction\":[{\"@type\":\"ReadAction\",\"target\":[\"https:\/\/www.weentime.com\/sorties\/\"]}]},{\"@type\":\"BreadcrumbList\",\"@id\":\"https:\/\/www.weentime.com\/sorties\/#breadcrumb\",\"itemListElement\":[{\"@type\":\"ListItem\",\"position\":1,\"name\":\"Home\",\"item\":\"https:\/\/www.weentime.com\/\"},{\"@type\":\"ListItem\",\"position\":2,\"name\":\"Gestion des sorties urgentes\"}]},{\"@type\":\"WebSite\",\"@id\":\"https:\/\/www.weentime.com\/#website\",\"url\":\"https:\/\/www.weentime.com\/\",\"name\":\"WEENTIME\",\"description\":\"Weentime | Solution SAAS\",\"publisher\":{\"@id\":\"https:\/\/www.weentime.com\/#organization\"},\"potentialAction\":[{\"@type\":\"SearchAction\",\"target\":{\"@type\":\"EntryPoint\",\"urlTemplate\":\"https:\/\/www.weentime.com\/?s={search_term_string}\"},\"query-input\":\"required name=search_term_string\"}],\"inLanguage\":\"en-US\"},{\"@type\":\"Organization\",\"@id\":\"https:\/\/www.weentime.com\/#organization\",\"name\":\"WEENTIME\",\"url\":\"https:\/\/www.weentime.com\/\",\"logo\":{\"@type\":\"ImageObject\",\"inLanguage\":\"en-US\",\"@id\":\"https:\/\/www.weentime.com\/#\/schema\/logo\/image\/\",\"url\":\"https:\/\/www.weentime.com\/wp-content\/uploads\/2022\/08\/cropped-logo-weentime.png\",\"contentUrl\":\"https:\/\/www.weentime.com\/wp-content\/uploads\/2022\/08\/cropped-logo-weentime.png\",\"width\":298,\"height\":62,\"caption\":\"WEENTIME\"},\"image\":{\"@id\":\"https:\/\/www.weentime.com\/#\/schema\/logo\/image\/\"},\"sameAs\":[\"https:\/\/www.facebook.com\/weentimerh\",\"https:\/\/www.linkedin.com\/company\/weentime\/\"]}]}<\/script>\n<!-- \/ Yoast SEO plugin. -->","yoast_head_json":{"title":"Logiciels de Suivi des Cong\u00e9s et Autorisation de Sortie - Weentime","description":"Weentime un logiciel qui aide \u00e0 g\u00e9rer la pr\u00e9senece et les cong\u00e9s, facilite la gestion des autorisations de sorties urgentes des vos employ\u00e9s.","robots":{"index":"index","follow":"follow","max-snippet":"max-snippet:-1","max-image-preview":"max-image-preview:large","max-video-preview":"max-video-preview:-1"},"canonical":"https:\/\/www.weentime.com\/en\/sorties\/","og_locale":"en_US","og_type":"article","og_title":"Logiciels de Suivi des Cong\u00e9s et Autorisation de Sortie - Weentime","og_description":"Weentime un logiciel qui aide \u00e0 g\u00e9rer la pr\u00e9senece et les cong\u00e9s, facilite la gestion des autorisations de sorties urgentes des vos employ\u00e9s.","og_url":"https:\/\/www.weentime.com\/en\/sorties\/","article_publisher":"https:\/\/www.facebook.com\/weentimerh","article_modified_time":"2023-08-31T12:29:30+00:00","twitter_card":"summary_large_image","twitter_misc":{"Est. reading time":"2 minutes"},"schema":{"@context":"https:\/\/schema.org","@graph":[{"@type":"WebPage","@id":"https:\/\/www.weentime.com\/sorties\/","url":"https:\/\/www.weentime.com\/sorties\/","name":"Logiciels de Suivi des Cong\u00e9s et Autorisation de Sortie - Weentime","isPartOf":{"@id":"https:\/\/www.weentime.com\/#website"},"datePublished":"2022-06-16T15:43:13+00:00","dateModified":"2023-08-31T12:29:30+00:00","description":"Weentime un logiciel qui aide \u00e0 g\u00e9rer la pr\u00e9senece et les cong\u00e9s, facilite la gestion des autorisations de sorties urgentes des vos employ\u00e9s.","breadcrumb":{"@id":"https:\/\/www.weentime.com\/sorties\/#breadcrumb"},"inLanguage":"en-US","potentialAction":[{"@type":"ReadAction","target":["https:\/\/www.weentime.com\/sorties\/"]}]},{"@type":"BreadcrumbList","@id":"https:\/\/www.weentime.com\/sorties\/#breadcrumb","itemListElement":[{"@type":"ListItem","position":1,"name":"Home","item":"https:\/\/www.weentime.com\/"},{"@type":"ListItem","position":2,"name":"Gestion des sorties urgentes"}]},{"@type":"WebSite","@id":"https:\/\/www.weentime.com\/#website","url":"https:\/\/www.weentime.com\/","name":"WEENTIME","description":"Weentime | Solution SAAS","publisher":{"@id":"https:\/\/www.weentime.com\/#organization"},"potentialAction":[{"@type":"SearchAction","target":{"@type":"EntryPoint","urlTemplate":"https:\/\/www.weentime.com\/?s={search_term_string}"},"query-input":"required name=search_term_string"}],"inLanguage":"en-US"},{"@type":"Organization","@id":"https:\/\/www.weentime.com\/#organization","name":"WEENTIME","url":"https:\/\/www.weentime.com\/","logo":{"@type":"ImageObject","inLanguage":"en-US","@id":"https:\/\/www.weentime.com\/#\/schema\/logo\/image\/","url":"https:\/\/www.weentime.com\/wp-content\/uploads\/2022\/08\/cropped-logo-weentime.png","contentUrl":"https:\/\/www.weentime.com\/wp-content\/uploads\/2022\/08\/cropped-logo-weentime.png","width":298,"height":62,"caption":"WEENTIME"},"image":{"@id":"https:\/\/www.weentime.com\/#\/schema\/logo\/image\/"},"sameAs":["https:\/\/www.facebook.com\/weentimerh","https:\/\/www.linkedin.com\/company\/weentime\/"]}]}},"_links":{"self":[{"href":"https:\/\/www.weentime.com\/en\/wp-json\/wp\/v2\/pages\/128"}],"collection":[{"href":"https:\/\/www.weentime.com\/en\/wp-json\/wp\/v2\/pages"}],"about":[{"href":"https:\/\/www.weentime.com\/en\/wp-json\/wp\/v2\/types\/page"}],"author":[{"embeddable":true,"href":"https:\/\/www.weentime.com\/en\/wp-json\/wp\/v2\/users\/1"}],"replies":[{"embeddable":true,"href":"https:\/\/www.weentime.com\/en\/wp-json\/wp\/v2\/comments?post=128"}],"version-history":[{"count":14,"href":"https:\/\/www.weentime.com\/en\/wp-json\/wp\/v2\/pages\/128\/revisions"}],"predecessor-version":[{"id":1210,"href":"https:\/\/www.weentime.com\/en\/wp-json\/wp\/v2\/pages\/128\/revisions\/1210"}],"wp:attachment":[{"href":"https:\/\/www.weentime.com\/en\/wp-json\/wp\/v2\/media?parent=128"}],"curies":[{"name":"wp","href":"https:\/\/api.w.org\/{rel}","templated":true}]}}