{"id":1110,"date":"2023-08-07T08:32:00","date_gmt":"2023-08-07T08:32:00","guid":{"rendered":"https:\/\/www.weentime.com\/?page_id=1110"},"modified":"2023-08-31T12:25:47","modified_gmt":"2023-08-31T12:25:47","slug":"logiciel-de-gestion-des-conges-rtt","status":"publish","type":"page","link":"https:\/\/www.weentime.com\/en\/logiciel-de-gestion-des-conges-rtt\/","title":{"rendered":"Leave management Reduced working hours"},"content":{"rendered":"<div class=\"vce-row-container\" data-vce-boxed-width=\"true\"><div class=\"vce-row vce-row--col-gap-30 vce-row-equal-height vce-row-content--top\" id=\"el-73a7fc90\" data-vce-do-apply=\"all el-73a7fc90\"><div class=\"vce-row-content\" data-vce-element-content=\"true\"><div class=\"vce-col vce-col--md-auto vce-col--xs-1 vce-col--xs-last vce-col--xs-first vce-col--sm-last vce-col--sm-first vce-col--md-last vce-col--lg-last vce-col--xl-last vce-col--md-first vce-col--lg-first vce-col--xl-first\" id=\"el-43ea6016\"><div class=\"vce-col-inner\" data-vce-do-apply=\"border margin background  el-43ea6016\"><div class=\"vce-col-content\" data-vce-element-content=\"true\" data-vce-do-apply=\"padding el-43ea6016\"><div class=\"vce-text-block\"><div class=\"vce-text-block-wrapper vce\" id=\"el-3b456bbe\" data-vce-do-apply=\"all el-3b456bbe\"><h2>Solution logiciel de gestion des cong\u00e9s RTT<\/h2><p>WEENTIME&nbsp;dispose d'une interface ergonomique et intuitive et les salari\u00e9s peuvent d\u00e9poser des requ\u00eate <strong>de cong\u00e9s RTT<\/strong> en quelques clics et fournir toutes les informations n\u00e9cessaires telles que les dates, le type de cong\u00e9 et le motif de la demande.<\/p><\/div><\/div><\/div><\/div><\/div><\/div><\/div><\/div><div class=\"vce-row-container\" data-vce-boxed-width=\"true\"><div class=\"vce-row vce-row--col-gap-30 vce-row-equal-height vce-row-content--top\" id=\"el-720438b8\" data-vce-do-apply=\"all el-720438b8\"><div class=\"vce-row-content\" data-vce-element-content=\"true\"><div class=\"vce-col vce-col--md-auto vce-col--xs-1 vce-col--xs-last vce-col--xs-first vce-col--sm-last vce-col--sm-first vce-col--md-first vce-col--lg-first vce-col--xl-first\" id=\"el-3e21f184\"><div class=\"vce-col-inner\" data-vce-do-apply=\"border margin background  el-3e21f184\"><div class=\"vce-col-content\" data-vce-element-content=\"true\" data-vce-do-apply=\"padding el-3e21f184\"><div class=\"vce-single-image-container vce-single-image--align-left\"><div class=\"vce vce-single-image-wrapper\" id=\"el-1e5bea22\" data-vce-do-apply=\"all el-1e5bea22\"><figure><div class=\"vce-single-image-figure-inner\" style=\"width: 1024px;\"><div class=\"vce-single-image-inner vce-single-image--absolute\" style=\"width: 100%; padding-bottom: 66.6016%;\"><img loading=\"lazy\" class=\"vce-single-image\"  width=\"1024\" height=\"682\" srcset=\"https:\/\/www.weentime.com\/wp-content\/uploads\/2023\/08\/technology-791029_1280-320x213.jpg 320w,https:\/\/www.weentime.com\/wp-content\/uploads\/2023\/08\/technology-791029_1280-480x320.jpg 480w,https:\/\/www.weentime.com\/wp-content\/uploads\/2023\/08\/technology-791029_1280-800x533.jpg 800w,https:\/\/www.weentime.com\/wp-content\/uploads\/2023\/08\/technology-791029_1280-1024x682.jpg 1024w\" src=\"https:\/\/www.weentime.com\/wp-content\/uploads\/2023\/08\/technology-791029_1280-1024x682.jpg\" data-img-src=\"https:\/\/www.weentime.com\/wp-content\/uploads\/2023\/08\/technology-791029_1280.jpg\" alt=\"LOGICIEL DE GESTION DES CONG\u00c9S RTT\" title=\"logiciel de gestion des cong\u00e9s RTT\" \/><\/div><\/div><figcaption hidden=\"\"><\/figcaption><\/figure><\/div><\/div><\/div><\/div><\/div><div class=\"vce-col vce-col--md-auto vce-col--xs-1 vce-col--xs-last vce-col--xs-first vce-col--sm-last vce-col--sm-first vce-col--md-last vce-col--lg-last vce-col--xl-last\" id=\"el-daf5acee\"><div class=\"vce-col-inner\" data-vce-do-apply=\"border margin background  el-daf5acee\"><div class=\"vce-col-content\" data-vce-element-content=\"true\" data-vce-do-apply=\"padding el-daf5acee\"><div class=\"vce-text-block\"><div class=\"vce-text-block-wrapper vce\" id=\"el-407a59ac\" data-vce-do-apply=\"all el-407a59ac\"><h2>Outil efficace pour la gestion des cong\u00e9 RTT<\/h2><p>Du c\u00f4t\u00e9 du gestionnaire et du superviseur, WEENTIME simplifie cette organisation des <strong>demandes de cong\u00e9<\/strong> en fournissant des notifications en temps r\u00e9el, un planning visible et des outils de planification avanc\u00e9s pour \u00e9liminer les conflits d'horaire et assurer une couverture adapt\u00e9 dans toute l'entreprise.<\/p><\/div><\/div><\/div><\/div><\/div><\/div><\/div><\/div><div class=\"vce-row-container\" data-vce-boxed-width=\"true\"><div class=\"vce-row vce-row--col-gap-30 vce-row-equal-height vce-row-content--top\" id=\"el-4ab849e6\" data-vce-do-apply=\"all el-4ab849e6\"><div class=\"vce-row-content\" data-vce-element-content=\"true\"><div class=\"vce-col vce-col--md-auto vce-col--xs-1 vce-col--xs-last vce-col--xs-first vce-col--sm-last vce-col--sm-first vce-col--md-last vce-col--lg-last vce-col--xl-last vce-col--md-first vce-col--lg-first vce-col--xl-first\" id=\"el-3e3bca9c\"><div class=\"vce-col-inner\" data-vce-do-apply=\"border margin background  el-3e3bca9c\"><div class=\"vce-col-content\" data-vce-element-content=\"true\" data-vce-do-apply=\"padding el-3e3bca9c\"><section class=\"vce-feature vce-feature--alignment--center\"><div class=\"vce vce-feature--wrap-row\" id=\"el-3547a96b\" data-vce-do-apply=\"all el-3547a96b\"><div class=\"vce-features vce-var-icon vce-features--style-filled-circle vce-features--size-medium\" style=\"--text-align: center; --iconColor: #fff; --iconColorHover: #fff; --shapeColor: rgb(75, 184, 231); --shapeColorHover: rgb(75, 184, 231); --linkColorHover: rgb(67,165,207);\"><div id=\"el-b3c11c10\" class=\"vce vce-features-icon-wrapper\" data-vce-do-apply=\"all el-b3c11c10\"><a class=\"vce-features--icon vce-icon\" href=\"https:\/\/app.weentime.com\/fr\/inscription\" title=\"Gestion des cong\u00e9s et de l'activit\u00e9 des employ\u00e9s \"><svg xmlns=\"https:\/\/www.w3.org\/2000\/svg\" viewbox=\"0 0 769 769\"><path stroke-width=\"25\" d=\"M565.755 696.27h-360l-180-311.77 180-311.77h360l180 311.77z\"><\/path><\/svg><span class=\"vce-icon-container fas fa-bullhorn\"><\/span><\/a><\/div><\/div><h3>ESSAI GRATUIT<\/h3><p>Contactez-nous d\u00e8s aujourd'hui pour une d\u00e9monstration personnalis\u00e9e et d\u00e9couvrez comment notre solution peut r\u00e9pondre \u00e0 vos besoins.<\/p><p>Essai gratuit sans engagement d'achat<\/p><\/div><\/section><\/div><\/div><\/div><\/div><\/div><\/div>","protected":false},"excerpt":{"rendered":"<p>Solution logiciel de gestion des cong\u00e9s RTTWEENTIME&nbsp;dispose d&#8217;une interface ergonomique et intuitive et les salari\u00e9s peuvent d\u00e9poser des requ\u00eate de cong\u00e9s RTT en quelques clics et fournir toutes les informations n\u00e9cessaires telles que les dates, le type de cong\u00e9 et le motif de la demande.Outil efficace pour la gestion des cong\u00e9 RTTDu c\u00f4t\u00e9 du gestionnaire &hellip;<\/p>\n<p class=\"read-more\"> <a class=\"\" href=\"https:\/\/www.weentime.com\/en\/logiciel-de-gestion-des-conges-rtt\/\"> <span class=\"screen-reader-text\">Leave management Reduced working hours<\/span> Read More &raquo;<\/a><\/p>","protected":false},"author":2,"featured_media":0,"parent":0,"menu_order":0,"comment_status":"closed","ping_status":"closed","template":"","meta":{"site-sidebar-layout":"default","site-content-layout":"default","ast-global-header-display":"","ast-main-header-display":"","ast-hfb-above-header-display":"","ast-hfb-below-header-display":"","ast-hfb-mobile-header-display":"","site-post-title":"","ast-breadcrumbs-content":"","ast-featured-img":"","footer-sml-layout":"","theme-transparent-header-meta":"default","adv-header-id-meta":"","stick-header-meta":"","header-above-stick-meta":"","header-main-stick-meta":"","header-below-stick-meta":""},"yoast_head":"<!-- This site is optimized with the Yoast SEO plugin v20.2 - https:\/\/yoast.com\/wordpress\/plugins\/seo\/ -->\n<title>Logiciel de gestion des cong\u00e9s RTT - France<\/title>\n<meta name=\"description\" content=\"Logiciel de gestion des cong\u00e9s RTT \u00e9voque un outil sophistiqu\u00e9 con\u00e7u pour simplifier et automatiser la gestion des cong\u00e9s et des jours de RTT.\" \/>\n<meta name=\"robots\" content=\"index, follow, max-snippet:-1, max-image-preview:large, max-video-preview:-1\" \/>\n<link rel=\"canonical\" href=\"https:\/\/www.weentime.com\/en\/logiciel-de-gestion-des-conges-rtt\/\" \/>\n<meta property=\"og:locale\" content=\"en_US\" \/>\n<meta property=\"og:type\" content=\"article\" \/>\n<meta property=\"og:title\" content=\"Logiciel de gestion des cong\u00e9s RTT - France\" \/>\n<meta property=\"og:description\" content=\"Logiciel de gestion des cong\u00e9s RTT \u00e9voque un outil sophistiqu\u00e9 con\u00e7u pour simplifier et automatiser la gestion des cong\u00e9s et des jours de RTT.\" \/>\n<meta property=\"og:url\" content=\"https:\/\/www.weentime.com\/en\/logiciel-de-gestion-des-conges-rtt\/\" \/>\n<meta property=\"article:publisher\" content=\"https:\/\/www.facebook.com\/weentimerh\" \/>\n<meta property=\"article:modified_time\" content=\"2023-08-31T12:25:47+00:00\" \/>\n<meta name=\"twitter:card\" content=\"summary_large_image\" \/>\n<meta name=\"twitter:label1\" content=\"Est. reading time\" \/>\n\t<meta name=\"twitter:data1\" content=\"1 minute\" \/>\n<script type=\"application\/ld+json\" class=\"yoast-schema-graph\">{\"@context\":\"https:\/\/schema.org\",\"@graph\":[{\"@type\":\"WebPage\",\"@id\":\"https:\/\/www.weentime.com\/logiciel-de-gestion-des-conges-rtt\/\",\"url\":\"https:\/\/www.weentime.com\/logiciel-de-gestion-des-conges-rtt\/\",\"name\":\"Logiciel de gestion des cong\u00e9s RTT - France\",\"isPartOf\":{\"@id\":\"https:\/\/www.weentime.com\/#website\"},\"datePublished\":\"2023-08-07T08:32:00+00:00\",\"dateModified\":\"2023-08-31T12:25:47+00:00\",\"description\":\"Logiciel de gestion des cong\u00e9s RTT \u00e9voque un outil sophistiqu\u00e9 con\u00e7u pour simplifier et automatiser la gestion des cong\u00e9s et des jours de RTT.\",\"breadcrumb\":{\"@id\":\"https:\/\/www.weentime.com\/logiciel-de-gestion-des-conges-rtt\/#breadcrumb\"},\"inLanguage\":\"en-US\",\"potentialAction\":[{\"@type\":\"ReadAction\",\"target\":[\"https:\/\/www.weentime.com\/logiciel-de-gestion-des-conges-rtt\/\"]}]},{\"@type\":\"BreadcrumbList\",\"@id\":\"https:\/\/www.weentime.com\/logiciel-de-gestion-des-conges-rtt\/#breadcrumb\",\"itemListElement\":[{\"@type\":\"ListItem\",\"position\":1,\"name\":\"Home\",\"item\":\"https:\/\/www.weentime.com\/\"},{\"@type\":\"ListItem\",\"position\":2,\"name\":\"Gestion des cong\u00e9s RTT\"}]},{\"@type\":\"WebSite\",\"@id\":\"https:\/\/www.weentime.com\/#website\",\"url\":\"https:\/\/www.weentime.com\/\",\"name\":\"WEENTIME\",\"description\":\"Weentime | Solution SAAS\",\"publisher\":{\"@id\":\"https:\/\/www.weentime.com\/#organization\"},\"potentialAction\":[{\"@type\":\"SearchAction\",\"target\":{\"@type\":\"EntryPoint\",\"urlTemplate\":\"https:\/\/www.weentime.com\/?s={search_term_string}\"},\"query-input\":\"required name=search_term_string\"}],\"inLanguage\":\"en-US\"},{\"@type\":\"Organization\",\"@id\":\"https:\/\/www.weentime.com\/#organization\",\"name\":\"WEENTIME\",\"url\":\"https:\/\/www.weentime.com\/\",\"logo\":{\"@type\":\"ImageObject\",\"inLanguage\":\"en-US\",\"@id\":\"https:\/\/www.weentime.com\/#\/schema\/logo\/image\/\",\"url\":\"https:\/\/www.weentime.com\/wp-content\/uploads\/2022\/08\/cropped-logo-weentime.png\",\"contentUrl\":\"https:\/\/www.weentime.com\/wp-content\/uploads\/2022\/08\/cropped-logo-weentime.png\",\"width\":298,\"height\":62,\"caption\":\"WEENTIME\"},\"image\":{\"@id\":\"https:\/\/www.weentime.com\/#\/schema\/logo\/image\/\"},\"sameAs\":[\"https:\/\/www.facebook.com\/weentimerh\",\"https:\/\/www.linkedin.com\/company\/weentime\/\"]}]}<\/script>\n<!-- \/ Yoast SEO plugin. -->","yoast_head_json":{"title":"Logiciel de gestion des cong\u00e9s RTT - France","description":"Logiciel de gestion des cong\u00e9s RTT \u00e9voque un outil sophistiqu\u00e9 con\u00e7u pour simplifier et automatiser la gestion des cong\u00e9s et des jours de RTT.","robots":{"index":"index","follow":"follow","max-snippet":"max-snippet:-1","max-image-preview":"max-image-preview:large","max-video-preview":"max-video-preview:-1"},"canonical":"https:\/\/www.weentime.com\/en\/logiciel-de-gestion-des-conges-rtt\/","og_locale":"en_US","og_type":"article","og_title":"Logiciel de gestion des cong\u00e9s RTT - France","og_description":"Logiciel de gestion des cong\u00e9s RTT \u00e9voque un outil sophistiqu\u00e9 con\u00e7u pour simplifier et automatiser la gestion des cong\u00e9s et des jours de RTT.","og_url":"https:\/\/www.weentime.com\/en\/logiciel-de-gestion-des-conges-rtt\/","article_publisher":"https:\/\/www.facebook.com\/weentimerh","article_modified_time":"2023-08-31T12:25:47+00:00","twitter_card":"summary_large_image","twitter_misc":{"Est. reading time":"1 minute"},"schema":{"@context":"https:\/\/schema.org","@graph":[{"@type":"WebPage","@id":"https:\/\/www.weentime.com\/logiciel-de-gestion-des-conges-rtt\/","url":"https:\/\/www.weentime.com\/logiciel-de-gestion-des-conges-rtt\/","name":"Logiciel de gestion des cong\u00e9s RTT - France","isPartOf":{"@id":"https:\/\/www.weentime.com\/#website"},"datePublished":"2023-08-07T08:32:00+00:00","dateModified":"2023-08-31T12:25:47+00:00","description":"Logiciel de gestion des cong\u00e9s RTT \u00e9voque un outil sophistiqu\u00e9 con\u00e7u pour simplifier et automatiser la gestion des cong\u00e9s et des jours de RTT.","breadcrumb":{"@id":"https:\/\/www.weentime.com\/logiciel-de-gestion-des-conges-rtt\/#breadcrumb"},"inLanguage":"en-US","potentialAction":[{"@type":"ReadAction","target":["https:\/\/www.weentime.com\/logiciel-de-gestion-des-conges-rtt\/"]}]},{"@type":"BreadcrumbList","@id":"https:\/\/www.weentime.com\/logiciel-de-gestion-des-conges-rtt\/#breadcrumb","itemListElement":[{"@type":"ListItem","position":1,"name":"Home","item":"https:\/\/www.weentime.com\/"},{"@type":"ListItem","position":2,"name":"Gestion des cong\u00e9s RTT"}]},{"@type":"WebSite","@id":"https:\/\/www.weentime.com\/#website","url":"https:\/\/www.weentime.com\/","name":"WEENTIME","description":"Weentime | Solution SAAS","publisher":{"@id":"https:\/\/www.weentime.com\/#organization"},"potentialAction":[{"@type":"SearchAction","target":{"@type":"EntryPoint","urlTemplate":"https:\/\/www.weentime.com\/?s={search_term_string}"},"query-input":"required name=search_term_string"}],"inLanguage":"en-US"},{"@type":"Organization","@id":"https:\/\/www.weentime.com\/#organization","name":"WEENTIME","url":"https:\/\/www.weentime.com\/","logo":{"@type":"ImageObject","inLanguage":"en-US","@id":"https:\/\/www.weentime.com\/#\/schema\/logo\/image\/","url":"https:\/\/www.weentime.com\/wp-content\/uploads\/2022\/08\/cropped-logo-weentime.png","contentUrl":"https:\/\/www.weentime.com\/wp-content\/uploads\/2022\/08\/cropped-logo-weentime.png","width":298,"height":62,"caption":"WEENTIME"},"image":{"@id":"https:\/\/www.weentime.com\/#\/schema\/logo\/image\/"},"sameAs":["https:\/\/www.facebook.com\/weentimerh","https:\/\/www.linkedin.com\/company\/weentime\/"]}]}},"_links":{"self":[{"href":"https:\/\/www.weentime.com\/en\/wp-json\/wp\/v2\/pages\/1110"}],"collection":[{"href":"https:\/\/www.weentime.com\/en\/wp-json\/wp\/v2\/pages"}],"about":[{"href":"https:\/\/www.weentime.com\/en\/wp-json\/wp\/v2\/types\/page"}],"author":[{"embeddable":true,"href":"https:\/\/www.weentime.com\/en\/wp-json\/wp\/v2\/users\/2"}],"replies":[{"embeddable":true,"href":"https:\/\/www.weentime.com\/en\/wp-json\/wp\/v2\/comments?post=1110"}],"version-history":[{"count":11,"href":"https:\/\/www.weentime.com\/en\/wp-json\/wp\/v2\/pages\/1110\/revisions"}],"predecessor-version":[{"id":1207,"href":"https:\/\/www.weentime.com\/en\/wp-json\/wp\/v2\/pages\/1110\/revisions\/1207"}],"wp:attachment":[{"href":"https:\/\/www.weentime.com\/en\/wp-json\/wp\/v2\/media?parent=1110"}],"curies":[{"name":"wp","href":"https:\/\/api.w.org\/{rel}","templated":true}]}}